{"id":1009378,"date":"2024-07-03T08:19:01","date_gmt":"2024-07-03T08:19:01","guid":{"rendered":"https:\/\/neusbonada.com\/product\/fermall-libel-lula-doble-us-2\/"},"modified":"2024-07-03T09:19:38","modified_gmt":"2024-07-03T09:19:38","slug":"trencadis-dragonfly-brooch","status":"publish","type":"product","link":"https:\/\/neusbonada.com\/en\/colleccions\/collections\/author-jewels\/trencadis-dragonfly-brooch\/","title":{"rendered":"Trencad\u00eds dragonfly brooch"},"content":{"rendered":"<div class=\"vgblk-rw-wrapper limit-wrapper\">925mls sterling silver and enamel-fire<\/div>\n<p><!-- .vgblk-rw-wrapper --><\/p>\n","protected":false},"excerpt":{"rendered":"<p>Medium size 6x5cms &#8220;trencad\u00eds&#8221; silver brooch with  three tons blue enamel remembering &#8220;trencad\u00eds&#8221; of Gaud\u00ed. Double usage : necklace and brooch<\/p>\n","protected":false},"featured_media":1010426,"comment_status":"open","ping_status":"closed","template":"","meta":[],"product_cat":[262,300],"product_tag":[],"class_list":["post-1009378","product","type-product","status-publish","has-post-thumbnail","hentry","product_cat-author-jewels","product_cat-broochs"],"yoast_head":"<!-- This site is optimized with the Yoast SEO plugin v21.4 - https:\/\/yoast.com\/wordpress\/plugins\/seo\/ -->\n<title>Trencad\u00eds dragonfly brooch - Neus Bonada<\/title>\n<meta name=\"robots\" content=\"index, follow, max-snippet:-1, max-image-preview:large, max-video-preview:-1\" \/>\n<link rel=\"canonical\" href=\"https:\/\/neusbonada.com\/en\/colleccions\/collections\/author-jewels\/trencadis-dragonfly-brooch\/\" \/>\n<meta property=\"og:locale\" content=\"en_US\" \/>\n<meta property=\"og:type\" content=\"article\" \/>\n<meta property=\"og:title\" content=\"Trencad\u00eds dragonfly brooch - Neus Bonada\" \/>\n<meta property=\"og:description\" content=\"Medium size 6x5cms &quot;trencad\u00eds&quot; silver brooch with three tons blue enamel remembering &quot;trencad\u00eds&quot; of Gaud\u00ed. Double usage : necklace and brooch\" \/>\n<meta property=\"og:url\" content=\"https:\/\/neusbonada.com\/en\/colleccions\/collections\/author-jewels\/trencadis-dragonfly-brooch\/\" \/>\n<meta property=\"og:site_name\" content=\"Neus Bonada\" \/>\n<meta property=\"article:publisher\" content=\"https:\/\/www.facebook.com\/JoieriaBonada\" \/>\n<meta property=\"article:modified_time\" content=\"2024-07-03T09:19:38+00:00\" \/>\n<meta property=\"og:image\" content=\"https:\/\/neusbonada.com\/wp-content\/uploads\/2024\/07\/1030956EPG.jpg\" \/>\n\t<meta property=\"og:image:width\" content=\"1124\" \/>\n\t<meta property=\"og:image:height\" content=\"768\" \/>\n\t<meta property=\"og:image:type\" content=\"image\/jpeg\" \/>\n<meta name=\"twitter:card\" content=\"summary_large_image\" \/>\n<meta name=\"twitter:label1\" content=\"Est. reading time\" \/>\n\t<meta name=\"twitter:data1\" content=\"1 minute\" \/>\n<script type=\"application\/ld+json\" class=\"yoast-schema-graph\">{\"@context\":\"https:\/\/schema.org\",\"@graph\":[{\"@type\":\"WebPage\",\"@id\":\"https:\/\/neusbonada.com\/en\/colleccions\/collections\/author-jewels\/trencadis-dragonfly-brooch\/\",\"url\":\"https:\/\/neusbonada.com\/en\/colleccions\/collections\/author-jewels\/trencadis-dragonfly-brooch\/\",\"name\":\"Trencad\u00eds dragonfly brooch - Neus Bonada\",\"isPartOf\":{\"@id\":\"https:\/\/neusbonada.com\/en\/#website\"},\"datePublished\":\"2024-07-03T08:19:01+00:00\",\"dateModified\":\"2024-07-03T09:19:38+00:00\",\"breadcrumb\":{\"@id\":\"https:\/\/neusbonada.com\/en\/colleccions\/collections\/author-jewels\/trencadis-dragonfly-brooch\/#breadcrumb\"},\"inLanguage\":\"en-US\",\"potentialAction\":[{\"@type\":\"ReadAction\",\"target\":[\"https:\/\/neusbonada.com\/en\/colleccions\/collections\/author-jewels\/trencadis-dragonfly-brooch\/\"]}]},{\"@type\":\"BreadcrumbList\",\"@id\":\"https:\/\/neusbonada.com\/en\/colleccions\/collections\/author-jewels\/trencadis-dragonfly-brooch\/#breadcrumb\",\"itemListElement\":[{\"@type\":\"ListItem\",\"position\":1,\"name\":\"Home\",\"item\":\"https:\/\/neusbonada.com\/en\/home-3\/\"},{\"@type\":\"ListItem\",\"position\":2,\"name\":\"Collections\",\"item\":\"https:\/\/neusbonada.com\/en\/collections\/\"},{\"@type\":\"ListItem\",\"position\":3,\"name\":\"Trencad\u00eds dragonfly brooch\"}]},{\"@type\":\"WebSite\",\"@id\":\"https:\/\/neusbonada.com\/en\/#website\",\"url\":\"https:\/\/neusbonada.com\/en\/\",\"name\":\"Neus Bonada\",\"description\":\"Joyer\u00eda Mediterr\u00e1nea\",\"publisher\":{\"@id\":\"https:\/\/neusbonada.com\/en\/#organization\"},\"potentialAction\":[{\"@type\":\"SearchAction\",\"target\":{\"@type\":\"EntryPoint\",\"urlTemplate\":\"https:\/\/neusbonada.com\/en\/?s={search_term_string}\"},\"query-input\":\"required name=search_term_string\"}],\"inLanguage\":\"en-US\"},{\"@type\":\"Organization\",\"@id\":\"https:\/\/neusbonada.com\/en\/#organization\",\"name\":\"Neus Bonada\",\"url\":\"https:\/\/neusbonada.com\/en\/\",\"logo\":{\"@type\":\"ImageObject\",\"inLanguage\":\"en-US\",\"@id\":\"https:\/\/neusbonada.com\/en\/#\/schema\/logo\/image\/\",\"url\":\"https:\/\/neusbonada.com\/wp-content\/uploads\/2020\/02\/Neus-Bonada-Handmade-Logo-1.png\",\"contentUrl\":\"https:\/\/neusbonada.com\/wp-content\/uploads\/2020\/02\/Neus-Bonada-Handmade-Logo-1.png\",\"width\":819,\"height\":314,\"caption\":\"Neus Bonada\"},\"image\":{\"@id\":\"https:\/\/neusbonada.com\/en\/#\/schema\/logo\/image\/\"},\"sameAs\":[\"https:\/\/www.facebook.com\/JoieriaBonada\",\"https:\/\/www.instagram.com\/neusbonadajoieria\"]}]}<\/script>\n<!-- \/ Yoast SEO plugin. -->","yoast_head_json":{"title":"Trencad\u00eds dragonfly brooch - Neus Bonada","robots":{"index":"index","follow":"follow","max-snippet":"max-snippet:-1","max-image-preview":"max-image-preview:large","max-video-preview":"max-video-preview:-1"},"canonical":"https:\/\/neusbonada.com\/en\/colleccions\/collections\/author-jewels\/trencadis-dragonfly-brooch\/","og_locale":"en_US","og_type":"article","og_title":"Trencad\u00eds dragonfly brooch - Neus Bonada","og_description":"Medium size 6x5cms \"trencad\u00eds\" silver brooch with three tons blue enamel remembering \"trencad\u00eds\" of Gaud\u00ed. Double usage : necklace and brooch","og_url":"https:\/\/neusbonada.com\/en\/colleccions\/collections\/author-jewels\/trencadis-dragonfly-brooch\/","og_site_name":"Neus Bonada","article_publisher":"https:\/\/www.facebook.com\/JoieriaBonada","article_modified_time":"2024-07-03T09:19:38+00:00","og_image":[{"width":1124,"height":768,"url":"https:\/\/neusbonada.com\/wp-content\/uploads\/2024\/07\/1030956EPG.jpg","type":"image\/jpeg"}],"twitter_card":"summary_large_image","twitter_misc":{"Est. reading time":"1 minute"},"schema":{"@context":"https:\/\/schema.org","@graph":[{"@type":"WebPage","@id":"https:\/\/neusbonada.com\/en\/colleccions\/collections\/author-jewels\/trencadis-dragonfly-brooch\/","url":"https:\/\/neusbonada.com\/en\/colleccions\/collections\/author-jewels\/trencadis-dragonfly-brooch\/","name":"Trencad\u00eds dragonfly brooch - Neus Bonada","isPartOf":{"@id":"https:\/\/neusbonada.com\/en\/#website"},"datePublished":"2024-07-03T08:19:01+00:00","dateModified":"2024-07-03T09:19:38+00:00","breadcrumb":{"@id":"https:\/\/neusbonada.com\/en\/colleccions\/collections\/author-jewels\/trencadis-dragonfly-brooch\/#breadcrumb"},"inLanguage":"en-US","potentialAction":[{"@type":"ReadAction","target":["https:\/\/neusbonada.com\/en\/colleccions\/collections\/author-jewels\/trencadis-dragonfly-brooch\/"]}]},{"@type":"BreadcrumbList","@id":"https:\/\/neusbonada.com\/en\/colleccions\/collections\/author-jewels\/trencadis-dragonfly-brooch\/#breadcrumb","itemListElement":[{"@type":"ListItem","position":1,"name":"Home","item":"https:\/\/neusbonada.com\/en\/home-3\/"},{"@type":"ListItem","position":2,"name":"Collections","item":"https:\/\/neusbonada.com\/en\/collections\/"},{"@type":"ListItem","position":3,"name":"Trencad\u00eds dragonfly brooch"}]},{"@type":"WebSite","@id":"https:\/\/neusbonada.com\/en\/#website","url":"https:\/\/neusbonada.com\/en\/","name":"Neus Bonada","description":"Joyer\u00eda Mediterr\u00e1nea","publisher":{"@id":"https:\/\/neusbonada.com\/en\/#organization"},"potentialAction":[{"@type":"SearchAction","target":{"@type":"EntryPoint","urlTemplate":"https:\/\/neusbonada.com\/en\/?s={search_term_string}"},"query-input":"required name=search_term_string"}],"inLanguage":"en-US"},{"@type":"Organization","@id":"https:\/\/neusbonada.com\/en\/#organization","name":"Neus Bonada","url":"https:\/\/neusbonada.com\/en\/","logo":{"@type":"ImageObject","inLanguage":"en-US","@id":"https:\/\/neusbonada.com\/en\/#\/schema\/logo\/image\/","url":"https:\/\/neusbonada.com\/wp-content\/uploads\/2020\/02\/Neus-Bonada-Handmade-Logo-1.png","contentUrl":"https:\/\/neusbonada.com\/wp-content\/uploads\/2020\/02\/Neus-Bonada-Handmade-Logo-1.png","width":819,"height":314,"caption":"Neus Bonada"},"image":{"@id":"https:\/\/neusbonada.com\/en\/#\/schema\/logo\/image\/"},"sameAs":["https:\/\/www.facebook.com\/JoieriaBonada","https:\/\/www.instagram.com\/neusbonadajoieria"]}]}},"_links":{"self":[{"href":"https:\/\/neusbonada.com\/en\/wp-json\/wp\/v2\/product\/1009378","targetHints":{"allow":["GET"]}}],"collection":[{"href":"https:\/\/neusbonada.com\/en\/wp-json\/wp\/v2\/product"}],"about":[{"href":"https:\/\/neusbonada.com\/en\/wp-json\/wp\/v2\/types\/product"}],"replies":[{"embeddable":true,"href":"https:\/\/neusbonada.com\/en\/wp-json\/wp\/v2\/comments?post=1009378"}],"version-history":[{"count":3,"href":"https:\/\/neusbonada.com\/en\/wp-json\/wp\/v2\/product\/1009378\/revisions"}],"predecessor-version":[{"id":1009384,"href":"https:\/\/neusbonada.com\/en\/wp-json\/wp\/v2\/product\/1009378\/revisions\/1009384"}],"wp:featuredmedia":[{"embeddable":true,"href":"https:\/\/neusbonada.com\/en\/wp-json\/wp\/v2\/media\/1010426"}],"wp:attachment":[{"href":"https:\/\/neusbonada.com\/en\/wp-json\/wp\/v2\/media?parent=1009378"}],"wp:term":[{"taxonomy":"product_cat","embeddable":true,"href":"https:\/\/neusbonada.com\/en\/wp-json\/wp\/v2\/product_cat?post=1009378"},{"taxonomy":"product_tag","embeddable":true,"href":"https:\/\/neusbonada.com\/en\/wp-json\/wp\/v2\/product_tag?post=1009378"}],"curies":[{"name":"wp","href":"https:\/\/api.w.org\/{rel}","templated":true}]}}