{"id":994092,"date":"2014-12-05T16:28:48","date_gmt":"2014-12-05T16:28:48","guid":{"rendered":"https:\/\/neusbonada.com\/?post_type=product&#038;p=994092"},"modified":"2024-07-02T10:09:35","modified_gmt":"2024-07-02T10:09:35","slug":"seiko-neo-sports","status":"publish","type":"product","link":"https:\/\/neusbonada.com\/en\/colleccions\/collections\/man-s\/keyrings-and-gifts\/seiko-neo-sports\/","title":{"rendered":"SEIKO NEO SPORTS"},"content":{"rendered":"<div class=\"vgblk-rw-wrapper limit-wrapper\">Caixa d&#8217;acer inoxidable  acabat IP negre i bisell de policarbonato negre, vidre mineral pla, corretja de cautx\u00fa negre i xivella d&#8217;acer inoxidable acabat IP negre.<\/div>\n<p><!-- .vgblk-rw-wrapper --><\/p>\n","protected":false},"excerpt":{"rendered":"<p>Anal\u00f2gic amb moviment japones, calendari al 4, alarma, taqu\u00edmetre,  secundero en esfera al 9, taqu\u00edmetre, cron\u00f2graf amb esfera minutera , 3 agulles, esfera negre amb signes i esferes centrals blaves, W.R. 100 mts.<\/p>\n","protected":false},"featured_media":994096,"comment_status":"open","ping_status":"closed","template":"","meta":[],"product_cat":[272,473],"product_tag":[],"class_list":["post-994092","product","type-product","status-publish","has-post-thumbnail","hentry","product_cat-man-s","product_cat-keyrings-and-gifts"],"yoast_head":"<!-- This site is optimized with the Yoast SEO plugin v21.4 - https:\/\/yoast.com\/wordpress\/plugins\/seo\/ -->\n<title>Rellotge home SEIKO NEO SPORTS :: Neus Bonada<\/title>\n<meta name=\"description\" content=\"Rellotge home anal\u00f2gic amb moviment japones, calendari al 4, alarma, taqu\u00edmetre, secundero en esfera al 9, taqu\u00edmetre, cron\u00f2graf amb esfera minutera , 3 agulles, esfera negre amb signes i esferes centrals blaves, W.R. 100 mts.\" \/>\n<meta name=\"robots\" content=\"index, follow, max-snippet:-1, max-image-preview:large, max-video-preview:-1\" \/>\n<link rel=\"canonical\" href=\"https:\/\/neusbonada.com\/en\/colleccions\/collections\/man-s\/keyrings-and-gifts\/seiko-neo-sports\/\" \/>\n<meta property=\"og:locale\" content=\"en_US\" \/>\n<meta property=\"og:type\" content=\"article\" \/>\n<meta property=\"og:title\" content=\"Rellotge home SEIKO NEO SPORTS :: Neus Bonada\" \/>\n<meta property=\"og:description\" content=\"Rellotge home anal\u00f2gic amb moviment japones, calendari al 4, alarma, taqu\u00edmetre, secundero en esfera al 9, taqu\u00edmetre, cron\u00f2graf amb esfera minutera , 3 agulles, esfera negre amb signes i esferes centrals blaves, W.R. 100 mts.\" \/>\n<meta property=\"og:url\" content=\"https:\/\/neusbonada.com\/en\/colleccions\/collections\/man-s\/keyrings-and-gifts\/seiko-neo-sports\/\" \/>\n<meta property=\"og:site_name\" content=\"Neus Bonada\" \/>\n<meta property=\"article:publisher\" content=\"https:\/\/www.facebook.com\/JoieriaBonada\" \/>\n<meta property=\"article:modified_time\" content=\"2024-07-02T10:09:35+00:00\" \/>\n<meta property=\"og:image\" content=\"https:\/\/neusbonada.com\/wp-content\/uploads\/2014\/12\/products-IMG_4943-1-scaled.jpg\" \/>\n\t<meta property=\"og:image:width\" content=\"2560\" \/>\n\t<meta property=\"og:image:height\" content=\"1920\" \/>\n\t<meta property=\"og:image:type\" content=\"image\/jpeg\" \/>\n<meta name=\"twitter:card\" content=\"summary_large_image\" \/>\n<meta name=\"twitter:label1\" content=\"Est. reading time\" \/>\n\t<meta name=\"twitter:data1\" content=\"1 minute\" \/>\n<script type=\"application\/ld+json\" class=\"yoast-schema-graph\">{\"@context\":\"https:\/\/schema.org\",\"@graph\":[{\"@type\":\"WebPage\",\"@id\":\"https:\/\/neusbonada.com\/en\/colleccions\/collections\/man-s\/keyrings-and-gifts\/seiko-neo-sports\/\",\"url\":\"https:\/\/neusbonada.com\/en\/colleccions\/collections\/man-s\/keyrings-and-gifts\/seiko-neo-sports\/\",\"name\":\"Rellotge home SEIKO NEO SPORTS :: Neus Bonada\",\"isPartOf\":{\"@id\":\"https:\/\/neusbonada.com\/en\/#website\"},\"datePublished\":\"2014-12-05T16:28:48+00:00\",\"dateModified\":\"2024-07-02T10:09:35+00:00\",\"description\":\"Rellotge home anal\u00f2gic amb moviment japones, calendari al 4, alarma, taqu\u00edmetre, secundero en esfera al 9, taqu\u00edmetre, cron\u00f2graf amb esfera minutera , 3 agulles, esfera negre amb signes i esferes centrals blaves, W.R. 100 mts.\",\"breadcrumb\":{\"@id\":\"https:\/\/neusbonada.com\/en\/colleccions\/collections\/man-s\/keyrings-and-gifts\/seiko-neo-sports\/#breadcrumb\"},\"inLanguage\":\"en-US\",\"potentialAction\":[{\"@type\":\"ReadAction\",\"target\":[\"https:\/\/neusbonada.com\/en\/colleccions\/collections\/man-s\/keyrings-and-gifts\/seiko-neo-sports\/\"]}]},{\"@type\":\"BreadcrumbList\",\"@id\":\"https:\/\/neusbonada.com\/en\/colleccions\/collections\/man-s\/keyrings-and-gifts\/seiko-neo-sports\/#breadcrumb\",\"itemListElement\":[{\"@type\":\"ListItem\",\"position\":1,\"name\":\"Home\",\"item\":\"https:\/\/neusbonada.com\/en\/home-3\/\"},{\"@type\":\"ListItem\",\"position\":2,\"name\":\"Collections\",\"item\":\"https:\/\/neusbonada.com\/en\/collections\/\"},{\"@type\":\"ListItem\",\"position\":3,\"name\":\"SEIKO NEO SPORTS\"}]},{\"@type\":\"WebSite\",\"@id\":\"https:\/\/neusbonada.com\/en\/#website\",\"url\":\"https:\/\/neusbonada.com\/en\/\",\"name\":\"Neus Bonada\",\"description\":\"Joyer\u00eda Mediterr\u00e1nea\",\"publisher\":{\"@id\":\"https:\/\/neusbonada.com\/en\/#organization\"},\"potentialAction\":[{\"@type\":\"SearchAction\",\"target\":{\"@type\":\"EntryPoint\",\"urlTemplate\":\"https:\/\/neusbonada.com\/en\/?s={search_term_string}\"},\"query-input\":\"required name=search_term_string\"}],\"inLanguage\":\"en-US\"},{\"@type\":\"Organization\",\"@id\":\"https:\/\/neusbonada.com\/en\/#organization\",\"name\":\"Neus Bonada\",\"url\":\"https:\/\/neusbonada.com\/en\/\",\"logo\":{\"@type\":\"ImageObject\",\"inLanguage\":\"en-US\",\"@id\":\"https:\/\/neusbonada.com\/en\/#\/schema\/logo\/image\/\",\"url\":\"https:\/\/neusbonada.com\/wp-content\/uploads\/2020\/02\/Neus-Bonada-Handmade-Logo-1.png\",\"contentUrl\":\"https:\/\/neusbonada.com\/wp-content\/uploads\/2020\/02\/Neus-Bonada-Handmade-Logo-1.png\",\"width\":819,\"height\":314,\"caption\":\"Neus Bonada\"},\"image\":{\"@id\":\"https:\/\/neusbonada.com\/en\/#\/schema\/logo\/image\/\"},\"sameAs\":[\"https:\/\/www.facebook.com\/JoieriaBonada\",\"https:\/\/www.instagram.com\/neusbonadajoieria\"]}]}<\/script>\n<!-- \/ Yoast SEO plugin. -->","yoast_head_json":{"title":"Rellotge home SEIKO NEO SPORTS :: Neus Bonada","description":"Rellotge home anal\u00f2gic amb moviment japones, calendari al 4, alarma, taqu\u00edmetre, secundero en esfera al 9, taqu\u00edmetre, cron\u00f2graf amb esfera minutera , 3 agulles, esfera negre amb signes i esferes centrals blaves, W.R. 100 mts.","robots":{"index":"index","follow":"follow","max-snippet":"max-snippet:-1","max-image-preview":"max-image-preview:large","max-video-preview":"max-video-preview:-1"},"canonical":"https:\/\/neusbonada.com\/en\/colleccions\/collections\/man-s\/keyrings-and-gifts\/seiko-neo-sports\/","og_locale":"en_US","og_type":"article","og_title":"Rellotge home SEIKO NEO SPORTS :: Neus Bonada","og_description":"Rellotge home anal\u00f2gic amb moviment japones, calendari al 4, alarma, taqu\u00edmetre, secundero en esfera al 9, taqu\u00edmetre, cron\u00f2graf amb esfera minutera , 3 agulles, esfera negre amb signes i esferes centrals blaves, W.R. 100 mts.","og_url":"https:\/\/neusbonada.com\/en\/colleccions\/collections\/man-s\/keyrings-and-gifts\/seiko-neo-sports\/","og_site_name":"Neus Bonada","article_publisher":"https:\/\/www.facebook.com\/JoieriaBonada","article_modified_time":"2024-07-02T10:09:35+00:00","og_image":[{"width":2560,"height":1920,"url":"https:\/\/neusbonada.com\/wp-content\/uploads\/2014\/12\/products-IMG_4943-1-scaled.jpg","type":"image\/jpeg"}],"twitter_card":"summary_large_image","twitter_misc":{"Est. reading time":"1 minute"},"schema":{"@context":"https:\/\/schema.org","@graph":[{"@type":"WebPage","@id":"https:\/\/neusbonada.com\/en\/colleccions\/collections\/man-s\/keyrings-and-gifts\/seiko-neo-sports\/","url":"https:\/\/neusbonada.com\/en\/colleccions\/collections\/man-s\/keyrings-and-gifts\/seiko-neo-sports\/","name":"Rellotge home SEIKO NEO SPORTS :: Neus Bonada","isPartOf":{"@id":"https:\/\/neusbonada.com\/en\/#website"},"datePublished":"2014-12-05T16:28:48+00:00","dateModified":"2024-07-02T10:09:35+00:00","description":"Rellotge home anal\u00f2gic amb moviment japones, calendari al 4, alarma, taqu\u00edmetre, secundero en esfera al 9, taqu\u00edmetre, cron\u00f2graf amb esfera minutera , 3 agulles, esfera negre amb signes i esferes centrals blaves, W.R. 100 mts.","breadcrumb":{"@id":"https:\/\/neusbonada.com\/en\/colleccions\/collections\/man-s\/keyrings-and-gifts\/seiko-neo-sports\/#breadcrumb"},"inLanguage":"en-US","potentialAction":[{"@type":"ReadAction","target":["https:\/\/neusbonada.com\/en\/colleccions\/collections\/man-s\/keyrings-and-gifts\/seiko-neo-sports\/"]}]},{"@type":"BreadcrumbList","@id":"https:\/\/neusbonada.com\/en\/colleccions\/collections\/man-s\/keyrings-and-gifts\/seiko-neo-sports\/#breadcrumb","itemListElement":[{"@type":"ListItem","position":1,"name":"Home","item":"https:\/\/neusbonada.com\/en\/home-3\/"},{"@type":"ListItem","position":2,"name":"Collections","item":"https:\/\/neusbonada.com\/en\/collections\/"},{"@type":"ListItem","position":3,"name":"SEIKO NEO SPORTS"}]},{"@type":"WebSite","@id":"https:\/\/neusbonada.com\/en\/#website","url":"https:\/\/neusbonada.com\/en\/","name":"Neus Bonada","description":"Joyer\u00eda Mediterr\u00e1nea","publisher":{"@id":"https:\/\/neusbonada.com\/en\/#organization"},"potentialAction":[{"@type":"SearchAction","target":{"@type":"EntryPoint","urlTemplate":"https:\/\/neusbonada.com\/en\/?s={search_term_string}"},"query-input":"required name=search_term_string"}],"inLanguage":"en-US"},{"@type":"Organization","@id":"https:\/\/neusbonada.com\/en\/#organization","name":"Neus Bonada","url":"https:\/\/neusbonada.com\/en\/","logo":{"@type":"ImageObject","inLanguage":"en-US","@id":"https:\/\/neusbonada.com\/en\/#\/schema\/logo\/image\/","url":"https:\/\/neusbonada.com\/wp-content\/uploads\/2020\/02\/Neus-Bonada-Handmade-Logo-1.png","contentUrl":"https:\/\/neusbonada.com\/wp-content\/uploads\/2020\/02\/Neus-Bonada-Handmade-Logo-1.png","width":819,"height":314,"caption":"Neus Bonada"},"image":{"@id":"https:\/\/neusbonada.com\/en\/#\/schema\/logo\/image\/"},"sameAs":["https:\/\/www.facebook.com\/JoieriaBonada","https:\/\/www.instagram.com\/neusbonadajoieria"]}]}},"_links":{"self":[{"href":"https:\/\/neusbonada.com\/en\/wp-json\/wp\/v2\/product\/994092","targetHints":{"allow":["GET"]}}],"collection":[{"href":"https:\/\/neusbonada.com\/en\/wp-json\/wp\/v2\/product"}],"about":[{"href":"https:\/\/neusbonada.com\/en\/wp-json\/wp\/v2\/types\/product"}],"replies":[{"embeddable":true,"href":"https:\/\/neusbonada.com\/en\/wp-json\/wp\/v2\/comments?post=994092"}],"version-history":[{"count":1,"href":"https:\/\/neusbonada.com\/en\/wp-json\/wp\/v2\/product\/994092\/revisions"}],"predecessor-version":[{"id":1009351,"href":"https:\/\/neusbonada.com\/en\/wp-json\/wp\/v2\/product\/994092\/revisions\/1009351"}],"wp:featuredmedia":[{"embeddable":true,"href":"https:\/\/neusbonada.com\/en\/wp-json\/wp\/v2\/media\/994096"}],"wp:attachment":[{"href":"https:\/\/neusbonada.com\/en\/wp-json\/wp\/v2\/media?parent=994092"}],"wp:term":[{"taxonomy":"product_cat","embeddable":true,"href":"https:\/\/neusbonada.com\/en\/wp-json\/wp\/v2\/product_cat?post=994092"},{"taxonomy":"product_tag","embeddable":true,"href":"https:\/\/neusbonada.com\/en\/wp-json\/wp\/v2\/product_tag?post=994092"}],"curies":[{"name":"wp","href":"https:\/\/api.w.org\/{rel}","templated":true}]}}