{"id":989542,"date":"2020-03-02T08:36:37","date_gmt":"2020-03-02T08:36:37","guid":{"rendered":"https:\/\/neusbonada.com\/gift-cards\/"},"modified":"2024-01-22T08:12:03","modified_gmt":"2024-01-22T08:12:03","slug":"taller-artesanal","status":"publish","type":"page","link":"https:\/\/neusbonada.com\/es\/taller-artesanal\/","title":{"rendered":"Taller artesanal"},"content":{"rendered":"\t\t<div data-elementor-type=\"wp-page\" data-elementor-id=\"989542\" class=\"elementor elementor-989542 elementor-40\" data-elementor-post-type=\"page\">\n\t\t\t\t\t\t<section class=\"elementor-section elementor-top-section elementor-element elementor-element-a60dcfa elementor-section-content-middle elementor-reverse-mobile elementor-section-boxed elementor-section-height-default elementor-section-height-default\" data-id=\"a60dcfa\" data-element_type=\"section\">\n\t\t\t\t\t\t<div class=\"elementor-container elementor-column-gap-default\">\n\t\t\t\t\t<div class=\"elementor-column elementor-col-50 elementor-top-column elementor-element elementor-element-68e19dd\" data-id=\"68e19dd\" data-element_type=\"column\">\n\t\t\t<div class=\"elementor-widget-wrap elementor-element-populated\">\n\t\t\t\t\t\t<div class=\"elementor-element elementor-element-c33d0c1 animated-slow elementor-invisible elementor-widget elementor-widget-heading\" data-id=\"c33d0c1\" data-element_type=\"widget\" data-settings=\"{&quot;motion_fx_motion_fx_scrolling&quot;:&quot;yes&quot;,&quot;motion_fx_translateY_effect&quot;:&quot;yes&quot;,&quot;motion_fx_translateY_direction&quot;:&quot;negative&quot;,&quot;motion_fx_translateY_speed&quot;:{&quot;unit&quot;:&quot;px&quot;,&quot;size&quot;:2,&quot;sizes&quot;:[]},&quot;motion_fx_devices&quot;:[&quot;desktop&quot;],&quot;_animation&quot;:&quot;fadeInUp&quot;,&quot;_animation_delay&quot;:200,&quot;motion_fx_translateY_affectedRange&quot;:{&quot;unit&quot;:&quot;%&quot;,&quot;size&quot;:&quot;&quot;,&quot;sizes&quot;:{&quot;start&quot;:0,&quot;end&quot;:100}}}\" data-widget_type=\"heading.default\">\n\t\t\t\t<div class=\"elementor-widget-container\">\n\t\t\t<style>\/*! elementor - v3.21.0 - 30-04-2024 *\/\n.elementor-heading-title{padding:0;margin:0;line-height:1}.elementor-widget-heading .elementor-heading-title[class*=elementor-size-]>a{color:inherit;font-size:inherit;line-height:inherit}.elementor-widget-heading .elementor-heading-title.elementor-size-small{font-size:15px}.elementor-widget-heading .elementor-heading-title.elementor-size-medium{font-size:19px}.elementor-widget-heading .elementor-heading-title.elementor-size-large{font-size:29px}.elementor-widget-heading .elementor-heading-title.elementor-size-xl{font-size:39px}.elementor-widget-heading .elementor-heading-title.elementor-size-xxl{font-size:59px}<\/style><h1 class=\"elementor-heading-title elementor-size-default\">Taller artesanal<\/h1>\t\t<\/div>\n\t\t\t\t<\/div>\n\t\t\t\t\t<\/div>\n\t\t<\/div>\n\t\t\t\t<div class=\"elementor-column elementor-col-50 elementor-top-column elementor-element elementor-element-14727d7 animated-slow elementor-invisible\" data-id=\"14727d7\" data-element_type=\"column\" data-settings=\"{&quot;background_background&quot;:&quot;classic&quot;,&quot;animation&quot;:&quot;fadeIn&quot;,&quot;animation_delay&quot;:300}\">\n\t\t\t<div class=\"elementor-widget-wrap elementor-element-populated\">\n\t\t\t\t\t\t<div class=\"elementor-element elementor-element-9a4ca49 elementor-widget elementor-widget-spacer\" data-id=\"9a4ca49\" data-element_type=\"widget\" data-widget_type=\"spacer.default\">\n\t\t\t\t<div class=\"elementor-widget-container\">\n\t\t\t<style>\/*! elementor - v3.21.0 - 30-04-2024 *\/\n.elementor-column .elementor-spacer-inner{height:var(--spacer-size)}.e-con{--container-widget-width:100%}.e-con-inner>.elementor-widget-spacer,.e-con>.elementor-widget-spacer{width:var(--container-widget-width,var(--spacer-size));--align-self:var(--container-widget-align-self,initial);--flex-shrink:0}.e-con-inner>.elementor-widget-spacer>.elementor-widget-container,.e-con>.elementor-widget-spacer>.elementor-widget-container{height:100%;width:100%}.e-con-inner>.elementor-widget-spacer>.elementor-widget-container>.elementor-spacer,.e-con>.elementor-widget-spacer>.elementor-widget-container>.elementor-spacer{height:100%}.e-con-inner>.elementor-widget-spacer>.elementor-widget-container>.elementor-spacer>.elementor-spacer-inner,.e-con>.elementor-widget-spacer>.elementor-widget-container>.elementor-spacer>.elementor-spacer-inner{height:var(--container-widget-height,var(--spacer-size))}.e-con-inner>.elementor-widget-spacer.elementor-widget-empty,.e-con>.elementor-widget-spacer.elementor-widget-empty{position:relative;min-height:22px;min-width:22px}.e-con-inner>.elementor-widget-spacer.elementor-widget-empty .elementor-widget-empty-icon,.e-con>.elementor-widget-spacer.elementor-widget-empty .elementor-widget-empty-icon{position:absolute;top:0;bottom:0;left:0;right:0;margin:auto;padding:0;width:22px;height:22px}<\/style>\t\t<div class=\"elementor-spacer\">\n\t\t\t<div class=\"elementor-spacer-inner\"><\/div>\n\t\t<\/div>\n\t\t\t\t<\/div>\n\t\t\t\t<\/div>\n\t\t\t\t\t<\/div>\n\t\t<\/div>\n\t\t\t\t\t<\/div>\n\t\t<\/section>\n\t\t\t\t<section class=\"elementor-section elementor-top-section elementor-element elementor-element-2d39328 elementor-section-boxed elementor-section-height-default elementor-section-height-default\" data-id=\"2d39328\" data-element_type=\"section\" data-settings=\"{&quot;background_background&quot;:&quot;classic&quot;}\">\n\t\t\t\t\t\t<div class=\"elementor-container elementor-column-gap-default\">\n\t\t\t\t\t<div class=\"elementor-column elementor-col-100 elementor-top-column elementor-element elementor-element-8d049c0\" data-id=\"8d049c0\" data-element_type=\"column\">\n\t\t\t<div class=\"elementor-widget-wrap elementor-element-populated\">\n\t\t\t\t\t\t<div class=\"elementor-element elementor-element-415fc9c elementor-widget__width-initial elementor-widget elementor-widget-heading\" data-id=\"415fc9c\" data-element_type=\"widget\" data-widget_type=\"heading.default\">\n\t\t\t\t<div class=\"elementor-widget-container\">\n\t\t\t<span class=\"elementor-heading-title elementor-size-large\">\u00bfQuieres restaurar las joyas de tu familia, limpiar las piezas que quedaron olvidadas en el joyero? \u00bfHas perdido uno de tus pendientes favoritos y quieres replicarlo? \u00bfTe apetece crear tu propio dise\u00f1o, tienes una idea pero necesitas ayuda para acabar de perfilarla?: \u00a1ponte en contacto con nosotros!\nTenemos la experiencia y un equipo de colaboradores ideal para ayudarte.<\/span>\t\t<\/div>\n\t\t\t\t<\/div>\n\t\t\t\t\t<\/div>\n\t\t<\/div>\n\t\t\t\t\t<\/div>\n\t\t<\/section>\n\t\t\t\t<section class=\"elementor-section elementor-top-section elementor-element elementor-element-b4fe996 elementor-section-boxed elementor-section-height-default elementor-section-height-default\" data-id=\"b4fe996\" data-element_type=\"section\">\n\t\t\t\t\t\t<div class=\"elementor-container elementor-column-gap-default\">\n\t\t\t\t\t<div class=\"elementor-column elementor-col-33 elementor-top-column elementor-element elementor-element-48e31cf\" data-id=\"48e31cf\" data-element_type=\"column\" data-settings=\"{&quot;motion_fx_motion_fx_scrolling&quot;:&quot;yes&quot;,&quot;motion_fx_translateY_effect&quot;:&quot;yes&quot;,&quot;motion_fx_translateY_speed&quot;:{&quot;unit&quot;:&quot;px&quot;,&quot;size&quot;:0.5,&quot;sizes&quot;:[]},&quot;motion_fx_devices&quot;:[&quot;desktop&quot;],&quot;motion_fx_translateY_affectedRange&quot;:{&quot;unit&quot;:&quot;%&quot;,&quot;size&quot;:&quot;&quot;,&quot;sizes&quot;:{&quot;start&quot;:0,&quot;end&quot;:100}}}\">\n\t\t\t<div class=\"elementor-widget-wrap elementor-element-populated\">\n\t\t\t\t\t\t<div class=\"elementor-element elementor-element-ebf94c2 elementor-widget__width-auto animated-fast elementor-invisible elementor-widget elementor-widget-image\" data-id=\"ebf94c2\" data-element_type=\"widget\" data-settings=\"{&quot;_animation&quot;:&quot;fadeIn&quot;}\" data-widget_type=\"image.default\">\n\t\t\t\t<div class=\"elementor-widget-container\">\n\t\t\t<style>\/*! elementor - v3.21.0 - 30-04-2024 *\/\n.elementor-widget-image{text-align:center}.elementor-widget-image a{display:inline-block}.elementor-widget-image a img[src$=\".svg\"]{width:48px}.elementor-widget-image img{vertical-align:middle;display:inline-block}<\/style>\t\t\t\t<div class=\"elementor-image\">\n\t\t\t\t\t\t\t\t\t\t\t\t\t\t\t\t\t\t\t\t\t<img fetchpriority=\"high\" decoding=\"async\" width=\"1500\" height=\"2000\" src=\"https:\/\/neusbonada.com\/wp-content\/uploads\/2023\/06\/IMG-20230612-WA0007.jpg\" class=\"attachment-full size-full wp-image-991691\" alt=\"\" srcset=\"https:\/\/neusbonada.com\/wp-content\/uploads\/2023\/06\/IMG-20230612-WA0007.jpg 1500w, https:\/\/neusbonada.com\/wp-content\/uploads\/2023\/06\/IMG-20230612-WA0007-630x840.jpg 630w, https:\/\/neusbonada.com\/wp-content\/uploads\/2023\/06\/IMG-20230612-WA0007-225x300.jpg 225w, https:\/\/neusbonada.com\/wp-content\/uploads\/2023\/06\/IMG-20230612-WA0007-768x1024.jpg 768w, https:\/\/neusbonada.com\/wp-content\/uploads\/2023\/06\/IMG-20230612-WA0007-1152x1536.jpg 1152w, https:\/\/neusbonada.com\/wp-content\/uploads\/2023\/06\/IMG-20230612-WA0007-1260x1680.jpg 1260w\" sizes=\"(max-width: 1500px) 100vw, 1500px\" \/>\t\t\t\t\t\t\t\t\t\t\t\t\t\t\t\t\t\t\t\t\t\t\t\t<\/div>\n\t\t\t\t\t\t<\/div>\n\t\t\t\t<\/div>\n\t\t\t\t\t<\/div>\n\t\t<\/div>\n\t\t\t\t<div class=\"elementor-column elementor-col-33 elementor-top-column elementor-element elementor-element-fe721e0\" data-id=\"fe721e0\" data-element_type=\"column\" data-settings=\"{&quot;motion_fx_motion_fx_scrolling&quot;:&quot;yes&quot;,&quot;motion_fx_translateY_effect&quot;:&quot;yes&quot;,&quot;motion_fx_translateY_speed&quot;:{&quot;unit&quot;:&quot;px&quot;,&quot;size&quot;:0.5,&quot;sizes&quot;:[]},&quot;motion_fx_devices&quot;:[&quot;desktop&quot;],&quot;motion_fx_translateY_affectedRange&quot;:{&quot;unit&quot;:&quot;%&quot;,&quot;size&quot;:&quot;&quot;,&quot;sizes&quot;:{&quot;start&quot;:0,&quot;end&quot;:100}}}\">\n\t\t\t<div class=\"elementor-widget-wrap elementor-element-populated\">\n\t\t\t\t\t\t<div class=\"elementor-element elementor-element-624bfa0 elementor-widget__width-auto elementor-widget elementor-widget-text-editor\" data-id=\"624bfa0\" data-element_type=\"widget\" data-widget_type=\"text-editor.default\">\n\t\t\t\t<div class=\"elementor-widget-container\">\n\t\t\t<style>\/*! elementor - v3.21.0 - 30-04-2024 *\/\n.elementor-widget-text-editor.elementor-drop-cap-view-stacked .elementor-drop-cap{background-color:#69727d;color:#fff}.elementor-widget-text-editor.elementor-drop-cap-view-framed .elementor-drop-cap{color:#69727d;border:3px solid;background-color:transparent}.elementor-widget-text-editor:not(.elementor-drop-cap-view-default) .elementor-drop-cap{margin-top:8px}.elementor-widget-text-editor:not(.elementor-drop-cap-view-default) .elementor-drop-cap-letter{width:1em;height:1em}.elementor-widget-text-editor .elementor-drop-cap{float:left;text-align:center;line-height:1;font-size:50px}.elementor-widget-text-editor .elementor-drop-cap-letter{display:inline-block}<\/style>\t\t\t\t<p>Ahora ya somos un equipo de personas fant\u00e1sticas que compartimos un di\u00e1logo muy fluido y comprensible que hace que los procesos de elaboraci\u00f3n y reparaci\u00f3n sean un \u00e9xito, cogiendo prestigio a trav\u00e9s del boca-oreja (un medio de comunicaci\u00f3n que nos encanta), trabajo de la cual estamos muy orgullosos.<\/p><p>No deje de probarnos ! Os esperamos!<\/p>\t\t\t\t\t\t<\/div>\n\t\t\t\t<\/div>\n\t\t\t\t<div class=\"elementor-element elementor-element-b8c7874 elementor-widget__width-auto animated-fast elementor-invisible elementor-widget elementor-widget-image\" data-id=\"b8c7874\" data-element_type=\"widget\" data-settings=\"{&quot;_animation&quot;:&quot;fadeIn&quot;}\" data-widget_type=\"image.default\">\n\t\t\t\t<div class=\"elementor-widget-container\">\n\t\t\t\t\t\t\t<div class=\"elementor-image\">\n\t\t\t\t\t\t\t\t\t\t\t\t\t\t\t\t\t\t\t\t\t<img decoding=\"async\" width=\"1124\" height=\"2000\" src=\"https:\/\/neusbonada.com\/wp-content\/uploads\/2023\/06\/IMG-20230612-WA0010.jpg\" class=\"attachment-full size-full wp-image-991697\" alt=\"\" srcset=\"https:\/\/neusbonada.com\/wp-content\/uploads\/2023\/06\/IMG-20230612-WA0010.jpg 1124w, https:\/\/neusbonada.com\/wp-content\/uploads\/2023\/06\/IMG-20230612-WA0010-630x1121.jpg 630w, https:\/\/neusbonada.com\/wp-content\/uploads\/2023\/06\/IMG-20230612-WA0010-169x300.jpg 169w, https:\/\/neusbonada.com\/wp-content\/uploads\/2023\/06\/IMG-20230612-WA0010-575x1024.jpg 575w, https:\/\/neusbonada.com\/wp-content\/uploads\/2023\/06\/IMG-20230612-WA0010-768x1367.jpg 768w, https:\/\/neusbonada.com\/wp-content\/uploads\/2023\/06\/IMG-20230612-WA0010-863x1536.jpg 863w\" sizes=\"(max-width: 1124px) 100vw, 1124px\" \/>\t\t\t\t\t\t\t\t\t\t\t\t\t\t\t\t\t\t\t\t\t\t\t\t<\/div>\n\t\t\t\t\t\t<\/div>\n\t\t\t\t<\/div>\n\t\t\t\t\t<\/div>\n\t\t<\/div>\n\t\t\t\t<div class=\"elementor-column elementor-col-33 elementor-top-column elementor-element elementor-element-251c3d2\" data-id=\"251c3d2\" data-element_type=\"column\" data-settings=\"{&quot;motion_fx_motion_fx_scrolling&quot;:&quot;yes&quot;,&quot;motion_fx_translateY_effect&quot;:&quot;yes&quot;,&quot;motion_fx_translateY_speed&quot;:{&quot;unit&quot;:&quot;px&quot;,&quot;size&quot;:0.6,&quot;sizes&quot;:[]},&quot;motion_fx_devices&quot;:[&quot;desktop&quot;],&quot;motion_fx_translateY_affectedRange&quot;:{&quot;unit&quot;:&quot;%&quot;,&quot;size&quot;:&quot;&quot;,&quot;sizes&quot;:{&quot;start&quot;:0,&quot;end&quot;:100}}}\">\n\t\t\t<div class=\"elementor-widget-wrap elementor-element-populated\">\n\t\t\t\t\t\t<div class=\"elementor-element elementor-element-7a3a93c elementor-widget__width-auto animated-fast elementor-invisible elementor-widget elementor-widget-image\" data-id=\"7a3a93c\" data-element_type=\"widget\" data-settings=\"{&quot;_animation&quot;:&quot;fadeIn&quot;}\" data-widget_type=\"image.default\">\n\t\t\t\t<div class=\"elementor-widget-container\">\n\t\t\t\t\t\t\t<div class=\"elementor-image\">\n\t\t\t\t\t\t\t\t\t\t\t\t\t\t\t\t\t\t\t\t\t<img decoding=\"async\" width=\"1080\" height=\"1920\" src=\"https:\/\/neusbonada.com\/wp-content\/uploads\/2023\/06\/IMG-20230612-WA0008.jpg\" class=\"attachment-full size-full wp-image-991694\" alt=\"\" srcset=\"https:\/\/neusbonada.com\/wp-content\/uploads\/2023\/06\/IMG-20230612-WA0008.jpg 1080w, https:\/\/neusbonada.com\/wp-content\/uploads\/2023\/06\/IMG-20230612-WA0008-630x1120.jpg 630w, https:\/\/neusbonada.com\/wp-content\/uploads\/2023\/06\/IMG-20230612-WA0008-169x300.jpg 169w, https:\/\/neusbonada.com\/wp-content\/uploads\/2023\/06\/IMG-20230612-WA0008-576x1024.jpg 576w, https:\/\/neusbonada.com\/wp-content\/uploads\/2023\/06\/IMG-20230612-WA0008-768x1365.jpg 768w, https:\/\/neusbonada.com\/wp-content\/uploads\/2023\/06\/IMG-20230612-WA0008-864x1536.jpg 864w\" sizes=\"(max-width: 1080px) 100vw, 1080px\" \/>\t\t\t\t\t\t\t\t\t\t\t\t\t\t\t\t\t\t\t\t\t\t\t\t<\/div>\n\t\t\t\t\t\t<\/div>\n\t\t\t\t<\/div>\n\t\t\t\t\t<\/div>\n\t\t<\/div>\n\t\t\t\t\t<\/div>\n\t\t<\/section>\n\t\t\t\t<\/div>\n\t\t","protected":false},"excerpt":{"rendered":"<p>Taller artesanal \u00bfQuieres restaurar las joyas de tu familia, limpiar las piezas que quedaron olvidadas en el joyero? \u00bfHas perdido uno de tus pendientes favoritos y quieres replicarlo? \u00bfTe apetece crear tu propio dise\u00f1o, tienes una idea pero necesitas ayuda para acabar de perfilarla?: \u00a1ponte en contacto con nosotros! Tenemos la experiencia y un equipo&#8230;<\/p>\n","protected":false},"author":1,"featured_media":0,"parent":0,"menu_order":0,"comment_status":"closed","ping_status":"closed","template":"","meta":{"footnotes":""},"class_list":["post-989542","page","type-page","status-publish","hentry"],"yoast_head":"<!-- This site is optimized with the Yoast SEO plugin v21.4 - https:\/\/yoast.com\/wordpress\/plugins\/seo\/ -->\n<title>Taller artesanal - Neus Bonada<\/title>\n<meta name=\"robots\" content=\"index, follow, max-snippet:-1, max-image-preview:large, max-video-preview:-1\" \/>\n<link rel=\"canonical\" href=\"https:\/\/neusbonada.com\/es\/taller-artesanal\/\" \/>\n<meta property=\"og:locale\" content=\"es_ES\" \/>\n<meta property=\"og:type\" content=\"article\" \/>\n<meta property=\"og:title\" content=\"Taller artesanal - Neus Bonada\" \/>\n<meta property=\"og:description\" content=\"Taller artesanal \u00bfQuieres restaurar las joyas de tu familia, limpiar las piezas que quedaron olvidadas en el joyero? \u00bfHas perdido uno de tus pendientes favoritos y quieres replicarlo? \u00bfTe apetece crear tu propio dise\u00f1o, tienes una idea pero necesitas ayuda para acabar de perfilarla?: \u00a1ponte en contacto con nosotros! Tenemos la experiencia y un equipo...\" \/>\n<meta property=\"og:url\" content=\"https:\/\/neusbonada.com\/es\/taller-artesanal\/\" \/>\n<meta property=\"og:site_name\" content=\"Neus Bonada\" \/>\n<meta property=\"article:publisher\" content=\"https:\/\/www.facebook.com\/JoieriaBonada\" \/>\n<meta property=\"article:modified_time\" content=\"2024-01-22T08:12:03+00:00\" \/>\n<meta property=\"og:image\" content=\"https:\/\/neusbonada.com\/wp-content\/uploads\/2023\/06\/IMG-20230612-WA0007.jpg\" \/>\n<meta name=\"twitter:card\" content=\"summary_large_image\" \/>\n<meta name=\"twitter:label1\" content=\"Tiempo de lectura\" \/>\n\t<meta name=\"twitter:data1\" content=\"2 minutos\" \/>\n<script type=\"application\/ld+json\" class=\"yoast-schema-graph\">{\"@context\":\"https:\/\/schema.org\",\"@graph\":[{\"@type\":\"WebPage\",\"@id\":\"https:\/\/neusbonada.com\/es\/taller-artesanal\/\",\"url\":\"https:\/\/neusbonada.com\/es\/taller-artesanal\/\",\"name\":\"Taller artesanal - Neus Bonada\",\"isPartOf\":{\"@id\":\"https:\/\/neusbonada.com\/es\/#website\"},\"datePublished\":\"2020-03-02T08:36:37+00:00\",\"dateModified\":\"2024-01-22T08:12:03+00:00\",\"breadcrumb\":{\"@id\":\"https:\/\/neusbonada.com\/es\/taller-artesanal\/#breadcrumb\"},\"inLanguage\":\"es\",\"potentialAction\":[{\"@type\":\"ReadAction\",\"target\":[\"https:\/\/neusbonada.com\/es\/taller-artesanal\/\"]}]},{\"@type\":\"BreadcrumbList\",\"@id\":\"https:\/\/neusbonada.com\/es\/taller-artesanal\/#breadcrumb\",\"itemListElement\":[{\"@type\":\"ListItem\",\"position\":1,\"name\":\"Home\",\"item\":\"https:\/\/neusbonada.com\/es\/inicio-2\/\"},{\"@type\":\"ListItem\",\"position\":2,\"name\":\"Taller artesanal\"}]},{\"@type\":\"WebSite\",\"@id\":\"https:\/\/neusbonada.com\/es\/#website\",\"url\":\"https:\/\/neusbonada.com\/es\/\",\"name\":\"Neus Bonada\",\"description\":\"Joyer\u00eda Mediterr\u00e1nea\",\"publisher\":{\"@id\":\"https:\/\/neusbonada.com\/es\/#organization\"},\"potentialAction\":[{\"@type\":\"SearchAction\",\"target\":{\"@type\":\"EntryPoint\",\"urlTemplate\":\"https:\/\/neusbonada.com\/es\/?s={search_term_string}\"},\"query-input\":\"required name=search_term_string\"}],\"inLanguage\":\"es\"},{\"@type\":\"Organization\",\"@id\":\"https:\/\/neusbonada.com\/es\/#organization\",\"name\":\"Neus Bonada\",\"url\":\"https:\/\/neusbonada.com\/es\/\",\"logo\":{\"@type\":\"ImageObject\",\"inLanguage\":\"es\",\"@id\":\"https:\/\/neusbonada.com\/es\/#\/schema\/logo\/image\/\",\"url\":\"https:\/\/neusbonada.com\/wp-content\/uploads\/2020\/02\/Neus-Bonada-Handmade-Logo-1.png\",\"contentUrl\":\"https:\/\/neusbonada.com\/wp-content\/uploads\/2020\/02\/Neus-Bonada-Handmade-Logo-1.png\",\"width\":819,\"height\":314,\"caption\":\"Neus Bonada\"},\"image\":{\"@id\":\"https:\/\/neusbonada.com\/es\/#\/schema\/logo\/image\/\"},\"sameAs\":[\"https:\/\/www.facebook.com\/JoieriaBonada\",\"https:\/\/www.instagram.com\/neusbonadajoieria\"]}]}<\/script>\n<!-- \/ Yoast SEO plugin. -->","yoast_head_json":{"title":"Taller artesanal - Neus Bonada","robots":{"index":"index","follow":"follow","max-snippet":"max-snippet:-1","max-image-preview":"max-image-preview:large","max-video-preview":"max-video-preview:-1"},"canonical":"https:\/\/neusbonada.com\/es\/taller-artesanal\/","og_locale":"es_ES","og_type":"article","og_title":"Taller artesanal - Neus Bonada","og_description":"Taller artesanal \u00bfQuieres restaurar las joyas de tu familia, limpiar las piezas que quedaron olvidadas en el joyero? \u00bfHas perdido uno de tus pendientes favoritos y quieres replicarlo? \u00bfTe apetece crear tu propio dise\u00f1o, tienes una idea pero necesitas ayuda para acabar de perfilarla?: \u00a1ponte en contacto con nosotros! Tenemos la experiencia y un equipo...","og_url":"https:\/\/neusbonada.com\/es\/taller-artesanal\/","og_site_name":"Neus Bonada","article_publisher":"https:\/\/www.facebook.com\/JoieriaBonada","article_modified_time":"2024-01-22T08:12:03+00:00","og_image":[{"url":"https:\/\/neusbonada.com\/wp-content\/uploads\/2023\/06\/IMG-20230612-WA0007.jpg"}],"twitter_card":"summary_large_image","twitter_misc":{"Tiempo de lectura":"2 minutos"},"schema":{"@context":"https:\/\/schema.org","@graph":[{"@type":"WebPage","@id":"https:\/\/neusbonada.com\/es\/taller-artesanal\/","url":"https:\/\/neusbonada.com\/es\/taller-artesanal\/","name":"Taller artesanal - Neus Bonada","isPartOf":{"@id":"https:\/\/neusbonada.com\/es\/#website"},"datePublished":"2020-03-02T08:36:37+00:00","dateModified":"2024-01-22T08:12:03+00:00","breadcrumb":{"@id":"https:\/\/neusbonada.com\/es\/taller-artesanal\/#breadcrumb"},"inLanguage":"es","potentialAction":[{"@type":"ReadAction","target":["https:\/\/neusbonada.com\/es\/taller-artesanal\/"]}]},{"@type":"BreadcrumbList","@id":"https:\/\/neusbonada.com\/es\/taller-artesanal\/#breadcrumb","itemListElement":[{"@type":"ListItem","position":1,"name":"Home","item":"https:\/\/neusbonada.com\/es\/inicio-2\/"},{"@type":"ListItem","position":2,"name":"Taller artesanal"}]},{"@type":"WebSite","@id":"https:\/\/neusbonada.com\/es\/#website","url":"https:\/\/neusbonada.com\/es\/","name":"Neus Bonada","description":"Joyer\u00eda Mediterr\u00e1nea","publisher":{"@id":"https:\/\/neusbonada.com\/es\/#organization"},"potentialAction":[{"@type":"SearchAction","target":{"@type":"EntryPoint","urlTemplate":"https:\/\/neusbonada.com\/es\/?s={search_term_string}"},"query-input":"required name=search_term_string"}],"inLanguage":"es"},{"@type":"Organization","@id":"https:\/\/neusbonada.com\/es\/#organization","name":"Neus Bonada","url":"https:\/\/neusbonada.com\/es\/","logo":{"@type":"ImageObject","inLanguage":"es","@id":"https:\/\/neusbonada.com\/es\/#\/schema\/logo\/image\/","url":"https:\/\/neusbonada.com\/wp-content\/uploads\/2020\/02\/Neus-Bonada-Handmade-Logo-1.png","contentUrl":"https:\/\/neusbonada.com\/wp-content\/uploads\/2020\/02\/Neus-Bonada-Handmade-Logo-1.png","width":819,"height":314,"caption":"Neus Bonada"},"image":{"@id":"https:\/\/neusbonada.com\/es\/#\/schema\/logo\/image\/"},"sameAs":["https:\/\/www.facebook.com\/JoieriaBonada","https:\/\/www.instagram.com\/neusbonadajoieria"]}]}},"_links":{"self":[{"href":"https:\/\/neusbonada.com\/es\/wp-json\/wp\/v2\/pages\/989542","targetHints":{"allow":["GET"]}}],"collection":[{"href":"https:\/\/neusbonada.com\/es\/wp-json\/wp\/v2\/pages"}],"about":[{"href":"https:\/\/neusbonada.com\/es\/wp-json\/wp\/v2\/types\/page"}],"author":[{"embeddable":true,"href":"https:\/\/neusbonada.com\/es\/wp-json\/wp\/v2\/users\/1"}],"replies":[{"embeddable":true,"href":"https:\/\/neusbonada.com\/es\/wp-json\/wp\/v2\/comments?post=989542"}],"version-history":[{"count":14,"href":"https:\/\/neusbonada.com\/es\/wp-json\/wp\/v2\/pages\/989542\/revisions"}],"predecessor-version":[{"id":1008549,"href":"https:\/\/neusbonada.com\/es\/wp-json\/wp\/v2\/pages\/989542\/revisions\/1008549"}],"wp:attachment":[{"href":"https:\/\/neusbonada.com\/es\/wp-json\/wp\/v2\/media?parent=989542"}],"curies":[{"name":"wp","href":"https:\/\/api.w.org\/{rel}","templated":true}]}}