{"id":989565,"date":"2020-03-02T08:40:03","date_gmt":"2020-03-02T08:40:03","guid":{"rendered":"https:\/\/neusbonada.com\/return-cancellations\/"},"modified":"2023-07-28T15:31:56","modified_gmt":"2023-07-28T15:31:56","slug":"politica-de-privacidd","status":"publish","type":"page","link":"https:\/\/neusbonada.com\/es\/politica-de-privacidd\/","title":{"rendered":"Pol\u00edtica de privacidad"},"content":{"rendered":"\t\t<div data-elementor-type=\"wp-page\" data-elementor-id=\"989565\" class=\"elementor elementor-989565 elementor-50\" data-elementor-post-type=\"page\">\n\t\t\t\t\t\t<section class=\"elementor-section elementor-top-section elementor-element elementor-element-799bc60 elementor-section-boxed elementor-section-height-default elementor-section-height-default\" data-id=\"799bc60\" data-element_type=\"section\">\n\t\t\t\t\t\t<div class=\"elementor-container elementor-column-gap-default\">\n\t\t\t\t\t<div class=\"elementor-column elementor-col-100 elementor-top-column elementor-element elementor-element-15bbf32\" data-id=\"15bbf32\" data-element_type=\"column\">\n\t\t\t<div class=\"elementor-widget-wrap elementor-element-populated\">\n\t\t\t\t\t\t<div class=\"elementor-element elementor-element-2b255c6 elementor-widget elementor-widget-toggle\" data-id=\"2b255c6\" data-element_type=\"widget\" data-widget_type=\"toggle.default\">\n\t\t\t\t<div class=\"elementor-widget-container\">\n\t\t\t<style>\/*! elementor - v3.21.0 - 30-04-2024 *\/\n.elementor-toggle{text-align:start}.elementor-toggle .elementor-tab-title{font-weight:700;line-height:1;margin:0;padding:15px;border-bottom:1px solid #d5d8dc;cursor:pointer;outline:none}.elementor-toggle .elementor-tab-title .elementor-toggle-icon{display:inline-block;width:1em}.elementor-toggle .elementor-tab-title .elementor-toggle-icon svg{margin-inline-start:-5px;width:1em;height:1em}.elementor-toggle .elementor-tab-title .elementor-toggle-icon.elementor-toggle-icon-right{float:right;text-align:right}.elementor-toggle .elementor-tab-title .elementor-toggle-icon.elementor-toggle-icon-left{float:left;text-align:left}.elementor-toggle .elementor-tab-title .elementor-toggle-icon .elementor-toggle-icon-closed{display:block}.elementor-toggle .elementor-tab-title .elementor-toggle-icon .elementor-toggle-icon-opened{display:none}.elementor-toggle .elementor-tab-title.elementor-active{border-bottom:none}.elementor-toggle .elementor-tab-title.elementor-active .elementor-toggle-icon-closed{display:none}.elementor-toggle .elementor-tab-title.elementor-active .elementor-toggle-icon-opened{display:block}.elementor-toggle .elementor-tab-content{padding:15px;border-bottom:1px solid #d5d8dc;display:none}@media (max-width:767px){.elementor-toggle .elementor-tab-title{padding:12px}.elementor-toggle .elementor-tab-content{padding:12px 10px}}.e-con-inner>.elementor-widget-toggle,.e-con>.elementor-widget-toggle{width:var(--container-widget-width);--flex-grow:var(--container-widget-flex-grow)}<\/style>\t\t<div class=\"elementor-toggle\">\n\t\t\t\t\t\t\t<div class=\"elementor-toggle-item\">\n\t\t\t\t\t<div id=\"elementor-tab-title-4521\" class=\"elementor-tab-title\" data-tab=\"1\" role=\"button\" aria-controls=\"elementor-tab-content-4521\" aria-expanded=\"false\">\n\t\t\t\t\t\t\t\t\t\t\t\t<span class=\"elementor-toggle-icon elementor-toggle-icon-right\" aria-hidden=\"true\">\n\t\t\t\t\t\t\t\t\t\t\t\t\t\t\t<span class=\"elementor-toggle-icon-closed\"><i class=\"fas fa-caret-down\"><\/i><\/span>\n\t\t\t\t\t\t\t\t<span class=\"elementor-toggle-icon-opened\"><i class=\"elementor-toggle-icon-opened fas fa-caret-up\"><\/i><\/span>\n\t\t\t\t\t\t\t\t\t\t\t\t\t<\/span>\n\t\t\t\t\t\t\t\t\t\t\t\t<a class=\"elementor-toggle-title\" tabindex=\"0\">IDENTIFICACI\u00d3N<\/a>\n\t\t\t\t\t<\/div>\n\n\t\t\t\t\t<div id=\"elementor-tab-content-4521\" class=\"elementor-tab-content elementor-clearfix\" data-tab=\"1\" role=\"region\" aria-labelledby=\"elementor-tab-title-4521\"><p><b>www.neusbonada.com<\/b> (la \u00abWeb\u00bb) es editada por Nova Joieria Radresa, sociedad an\u00f3nima (nombre comercial Neus Bonada Joieria) con los administradores : maria Neus Bonada Guerra Y Gaspar Ybarra Montes y un capital social de 250.000 Euros, inscrita en el Registro de Sociedades de Girona en la hoja GI 45156 y cuya sede social se encuentra en el n\u00famero 40, de la calle Sant Agust\u00ed, de Torroella de Montgr\u00ed, n\u00famero de tel\u00e9fono: + 34 972 759106 . El alojamiento de la Web est\u00e1 a cargo de la empresa Labsystems A &amp; G, S.L., cuya sede social est\u00e1 situada en el n\u00famero 14, 4art, de la Calle St.Joan de la Salle de Barcelona, n\u00famero de tel\u00e9fono: + 34 93 4581789 .<br \/>El acceso a la Web, as\u00ed como el uso de su contenido, se rigen por las condiciones de uso descritas a continuaci\u00f3n. El acceso y la navegaci\u00f3n de la Web constituyen, por parte del internauta, una aceptaci\u00f3n sin reservas de las condiciones siguientes.<\/p>\n<\/div>\n\t\t\t\t<\/div>\n\t\t\t\t\t\t\t<div class=\"elementor-toggle-item\">\n\t\t\t\t\t<div id=\"elementor-tab-title-4522\" class=\"elementor-tab-title\" data-tab=\"2\" role=\"button\" aria-controls=\"elementor-tab-content-4522\" aria-expanded=\"false\">\n\t\t\t\t\t\t\t\t\t\t\t\t<span class=\"elementor-toggle-icon elementor-toggle-icon-right\" aria-hidden=\"true\">\n\t\t\t\t\t\t\t\t\t\t\t\t\t\t\t<span class=\"elementor-toggle-icon-closed\"><i class=\"fas fa-caret-down\"><\/i><\/span>\n\t\t\t\t\t\t\t\t<span class=\"elementor-toggle-icon-opened\"><i class=\"elementor-toggle-icon-opened fas fa-caret-up\"><\/i><\/span>\n\t\t\t\t\t\t\t\t\t\t\t\t\t<\/span>\n\t\t\t\t\t\t\t\t\t\t\t\t<a class=\"elementor-toggle-title\" tabindex=\"0\">DATOS PERSONALES<\/a>\n\t\t\t\t\t<\/div>\n\n\t\t\t\t\t<div id=\"elementor-tab-content-4522\" class=\"elementor-tab-content elementor-clearfix\" data-tab=\"2\" role=\"region\" aria-labelledby=\"elementor-tab-title-4522\"><p><strong>2.1 Responsable y destinatario de los datos personales<\/strong><\/p>\n<p>Nova Joieria Radresa, S.A. es responsable de la recogida y tratamiento de los datos personales en la Web. La Empresa es el \u00fanico destinatario de los datos personales, y \u00e9stos no se comunicar\u00e1n a terceros.<\/p>\n<p><strong>2.2 Naturaleza de los datos personales<\/strong><\/p>\n<p>Como datos personales entendemos cualquier informaci\u00f3n personal (en particular: nombre de usuario, contrase\u00f1a, apellido, nombre, fecha de nacimiento, direcci\u00f3n de correo electr\u00f3nico y postal) que el Cliente proporcione<a href=\"http:\/\/www.neusbonada.com\/\">www.neusbonada.com<\/a> durante la inscripci\u00f3n a la Web y\/ oa trav\u00e9s de cualquier mensaje enviado a la secci\u00f3n \u201cContacto\u201d de la Web. Estos datos, de cualquier naturaleza, nos permitir\u00e1n identificar al Cliente, mantener correspondencia con \u00e9l y mejorar nuestros servicios. Cuando el Cliente proporciona sus datos personales, se compromete a responder a las preguntas que se le formulen durante la inscripci\u00f3n en la Web, ya comunicar a Nova Joieria Radresa, S.A. datos exactos, completos, actualizados y que no perjudiquen los intereses o derechos de terceros.<\/p>\n<p><strong>2.3 Consentimiento<\/strong><\/p>\n<p>No se recoger\u00e1 ning\u00fan dato personal sin el consentimiento del Cliente. Se indicar\u00e1 previamente al Cliente el car\u00e1cter facultativo u obligatorio de la informaci\u00f3n que se le solicita en la Web. De acuerdo con el arte. 9 de la Ley Org\u00e1nica de Protecci\u00f3n de Datos de car\u00e1cter personal y el Real Decreto 1720\/2007 de 21 de diciembre por el que se aprueba el Reglamento de desarrollo de la Ley Org\u00e1nica 15\/1999 de 13 de diciembre, el Cliente no tiene ninguna obligaci\u00f3n de transmitir a la Empresa los datos personales. Sin embargo, en caso de rechazo, el Cliente no podr\u00e1 efectuar compras a trav\u00e9s de la Web, y la Empresa no podr\u00e1 mantener correspondencia con el Cliente. De todas formas, si el Cliente no desea recibir o seguir recibiendo informaci\u00f3n de <a href=\"http:\/\/www.neusbonada.com\/\">www.neusbonada.com<\/a>, puede comunicarlo enviando un e-mail a la siguiente direcci\u00f3n: <a href=\"mailto:info@neusbonada.com\">info@neusbonada.com<\/a>.<\/p>\n<p><strong>2.4 Derechos del Cliente<\/strong><\/p>\n<p>Seg\u00fan el arte. 5 de la Ley org\u00e1nica de protecci\u00f3n de datos 15\/1999 de 13 de diciembre, cualquier Cliente tiene el derecho de acceder, rectificar, modificar, actualizar, bloquear o suprimir sus datos personales, as\u00ed como tienen el derecho de oposici\u00f3n al tratamiento de estos datos por causas leg\u00edtimas. Para ejercer tales derechos, el Cliente puede contactar con la Empresa mediante el siguiente correo electr\u00f3nico: <a href=\"mailto:info@neusbonada.com\">info@neusbonada.com<\/a>.<\/p>\n<\/div>\n\t\t\t\t<\/div>\n\t\t\t\t\t\t\t<div class=\"elementor-toggle-item\">\n\t\t\t\t\t<div id=\"elementor-tab-title-4523\" class=\"elementor-tab-title\" data-tab=\"3\" role=\"button\" aria-controls=\"elementor-tab-content-4523\" aria-expanded=\"false\">\n\t\t\t\t\t\t\t\t\t\t\t\t<span class=\"elementor-toggle-icon elementor-toggle-icon-right\" aria-hidden=\"true\">\n\t\t\t\t\t\t\t\t\t\t\t\t\t\t\t<span class=\"elementor-toggle-icon-closed\"><i class=\"fas fa-caret-down\"><\/i><\/span>\n\t\t\t\t\t\t\t\t<span class=\"elementor-toggle-icon-opened\"><i class=\"elementor-toggle-icon-opened fas fa-caret-up\"><\/i><\/span>\n\t\t\t\t\t\t\t\t\t\t\t\t\t<\/span>\n\t\t\t\t\t\t\t\t\t\t\t\t<a class=\"elementor-toggle-title\" tabindex=\"0\">RESPONSABILIDAD<\/a>\n\t\t\t\t\t<\/div>\n\n\t\t\t\t\t<div id=\"elementor-tab-content-4523\" class=\"elementor-tab-content elementor-clearfix\" data-tab=\"3\" role=\"region\" aria-labelledby=\"elementor-tab-title-4523\"><p>La Empresa se esfuerza por garantizar la exactitud y la actualidad de la informaci\u00f3n difundida en la Web, y se reserva el derecho a corregir, en todo momento y sin previo aviso, su contenido. Sin embargo, la Empresa no puede garantizar la exactitud, precisi\u00f3n y exhaustividad de la informaci\u00f3n disponible en la Web, as\u00ed esta informaci\u00f3n no constituye una garant\u00eda ni un compromiso por parte de la Empresa respecto al Cliente. M\u00e1s concretamente, la Empresa no ser\u00e1 considerada responsable de:<\/p>\n<ul>\n<li>Cualquier inexactitud u omisi\u00f3n relacionada con la informaci\u00f3n difundida en la Web;<\/li>\n<li>Cualquier da\u00f1o derivado de una intrusi\u00f3n inform\u00e1tica por parte de un tercero que haya podido provocar la modificaci\u00f3n de la informaci\u00f3n difundida en la Web;<\/li>\n<li>Y, en t\u00e9rminos generales, todo aquel da\u00f1o, directo o indirecto, sin importar las causas, el origen, la naturaleza y las consecuencias, provocado por el acceso de cualquier persona a la Web o por la imposibilidad de acceder a ella. ; as\u00ed como, del uso de la Web y\/o del cr\u00e9dito que se le atribuye a cualquier informaci\u00f3n procedente directa o indirectamente de la Web.<\/li>\n<\/ul>\n<p>La Empresa aplica los medios necesarios para garantizar la seguridad de los archivos constituidos con los datos personales recogidos en la Web. Sin embargo, recordamos que esta Empresa no controla los riesgos relacionados con el funcionamiento de Internet e insiste a los Clientes sobre la existencia de los riesgos en cuanto a la confidencialidad de los datos que transitan por la Red.<\/p>\n<\/div>\n\t\t\t\t<\/div>\n\t\t\t\t\t\t\t<div class=\"elementor-toggle-item\">\n\t\t\t\t\t<div id=\"elementor-tab-title-4524\" class=\"elementor-tab-title\" data-tab=\"4\" role=\"button\" aria-controls=\"elementor-tab-content-4524\" aria-expanded=\"false\">\n\t\t\t\t\t\t\t\t\t\t\t\t<span class=\"elementor-toggle-icon elementor-toggle-icon-right\" aria-hidden=\"true\">\n\t\t\t\t\t\t\t\t\t\t\t\t\t\t\t<span class=\"elementor-toggle-icon-closed\"><i class=\"fas fa-caret-down\"><\/i><\/span>\n\t\t\t\t\t\t\t\t<span class=\"elementor-toggle-icon-opened\"><i class=\"elementor-toggle-icon-opened fas fa-caret-up\"><\/i><\/span>\n\t\t\t\t\t\t\t\t\t\t\t\t\t<\/span>\n\t\t\t\t\t\t\t\t\t\t\t\t<a class=\"elementor-toggle-title\" tabindex=\"0\">MODIFICACI\u00d3N DE LAS CONDICIONES<\/a>\n\t\t\t\t\t<\/div>\n\n\t\t\t\t\t<div id=\"elementor-tab-content-4524\" class=\"elementor-tab-content elementor-clearfix\" data-tab=\"4\" role=\"region\" aria-labelledby=\"elementor-tab-title-4524\"><p>Nova Joieria Radresa, S.A. informa a los Clientes que las presentes condiciones pueden ser modificadas en cualquier momento. Estas modificaciones quedan publicadas al aparecer online y se consideran aceptadas sin reservas por todos los Clientes que accedan a la Web despu\u00e9s de su publicaci\u00f3n online.<\/p>\n<\/div>\n\t\t\t\t<\/div>\n\t\t\t\t\t\t\t<div class=\"elementor-toggle-item\">\n\t\t\t\t\t<div id=\"elementor-tab-title-4525\" class=\"elementor-tab-title\" data-tab=\"5\" role=\"button\" aria-controls=\"elementor-tab-content-4525\" aria-expanded=\"false\">\n\t\t\t\t\t\t\t\t\t\t\t\t<span class=\"elementor-toggle-icon elementor-toggle-icon-right\" aria-hidden=\"true\">\n\t\t\t\t\t\t\t\t\t\t\t\t\t\t\t<span class=\"elementor-toggle-icon-closed\"><i class=\"fas fa-caret-down\"><\/i><\/span>\n\t\t\t\t\t\t\t\t<span class=\"elementor-toggle-icon-opened\"><i class=\"elementor-toggle-icon-opened fas fa-caret-up\"><\/i><\/span>\n\t\t\t\t\t\t\t\t\t\t\t\t\t<\/span>\n\t\t\t\t\t\t\t\t\t\t\t\t<a class=\"elementor-toggle-title\" tabindex=\"0\">LITIGIOS<\/a>\n\t\t\t\t\t<\/div>\n\n\t\t\t\t\t<div id=\"elementor-tab-content-4525\" class=\"elementor-tab-content elementor-clearfix\" data-tab=\"5\" role=\"region\" aria-labelledby=\"elementor-tab-title-4525\"><p>Las presentes condiciones se establecen de acuerdo con la legislaci\u00f3n de Espa\u00f1a y, en particular, con lo que se establece en la LSSICE (Ley de Servicios de la Sociedad de la Informaci\u00f3n y Comercio Electr\u00f3nico). Las jurisdicciones espa\u00f1olas son territorialmente competentes ante cualquier litigio relacionado con el uso de la Web, salvo en el caso de disposiciones contrarias provenientes del Reglamento n\u00ba44\/2001 de 20 de diciembre de 2000 en cuanto a la competencia judicial, el conocimiento y la ejecuci\u00f3n de sentencias en materia civil y comercial (Bruselas I). Cualquier pregunta que le pudiera surgir al Cliente respecto al uso de la Web y\/o sobre las presentes condiciones, o cualquier solicitud que el Cliente quisiera dirigir a la Empresa, puede enviar un mensaje a la secci\u00f3n \u201cContacto\u201d de la Web y\/o un correo electr\u00f3nico en la siguiente direcci\u00f3n: <a href=\"mailto:info@neusbonada.com\">info@neusbonada.com<\/a>.<\/p>\n<\/div>\n\t\t\t\t<\/div>\n\t\t\t\t\t\t\t\t<\/div>\n\t\t\t\t<\/div>\n\t\t\t\t<\/div>\n\t\t\t\t\t<\/div>\n\t\t<\/div>\n\t\t\t\t\t<\/div>\n\t\t<\/section>\n\t\t\t\t<\/div>\n\t\t","protected":false},"excerpt":{"rendered":"<p>IDENTIFICACI\u00d3N www.neusbonada.com (la \u00abWeb\u00bb) es editada por Nova Joieria Radresa, sociedad an\u00f3nima (nombre comercial Neus Bonada Joieria) con los administradores : maria Neus Bonada Guerra Y Gaspar Ybarra Montes y un capital social de 250.000 Euros, inscrita en el Registro de Sociedades de Girona en la hoja GI 45156 y cuya sede social se encuentra&#8230;<\/p>\n","protected":false},"author":1,"featured_media":0,"parent":0,"menu_order":0,"comment_status":"closed","ping_status":"closed","template":"","meta":{"footnotes":""},"class_list":["post-989565","page","type-page","status-publish","hentry"],"yoast_head":"<!-- This site is optimized with the Yoast SEO plugin v21.4 - https:\/\/yoast.com\/wordpress\/plugins\/seo\/ -->\n<title>Pol\u00edtica de privacidad - Neus Bonada<\/title>\n<meta name=\"robots\" content=\"index, follow, max-snippet:-1, max-image-preview:large, max-video-preview:-1\" \/>\n<link rel=\"canonical\" href=\"https:\/\/neusbonada.com\/es\/politica-de-privacidd\/\" \/>\n<meta property=\"og:locale\" content=\"es_ES\" \/>\n<meta property=\"og:type\" content=\"article\" \/>\n<meta property=\"og:title\" content=\"Pol\u00edtica de privacidad - Neus Bonada\" \/>\n<meta property=\"og:description\" content=\"IDENTIFICACI\u00d3N www.neusbonada.com (la \u00abWeb\u00bb) es editada por Nova Joieria Radresa, sociedad an\u00f3nima (nombre comercial Neus Bonada Joieria) con los administradores : maria Neus Bonada Guerra Y Gaspar Ybarra Montes y un capital social de 250.000 Euros, inscrita en el Registro de Sociedades de Girona en la hoja GI 45156 y cuya sede social se encuentra...\" \/>\n<meta property=\"og:url\" content=\"https:\/\/neusbonada.com\/es\/politica-de-privacidd\/\" \/>\n<meta property=\"og:site_name\" content=\"Neus Bonada\" \/>\n<meta property=\"article:publisher\" content=\"https:\/\/www.facebook.com\/JoieriaBonada\" \/>\n<meta property=\"article:modified_time\" content=\"2023-07-28T15:31:56+00:00\" \/>\n<meta name=\"twitter:card\" content=\"summary_large_image\" \/>\n<meta name=\"twitter:label1\" content=\"Tiempo de lectura\" \/>\n\t<meta name=\"twitter:data1\" content=\"6 minutos\" \/>\n<script type=\"application\/ld+json\" class=\"yoast-schema-graph\">{\"@context\":\"https:\/\/schema.org\",\"@graph\":[{\"@type\":\"WebPage\",\"@id\":\"https:\/\/neusbonada.com\/es\/politica-de-privacidd\/\",\"url\":\"https:\/\/neusbonada.com\/es\/politica-de-privacidd\/\",\"name\":\"Pol\u00edtica de privacidad - Neus Bonada\",\"isPartOf\":{\"@id\":\"https:\/\/neusbonada.com\/es\/#website\"},\"datePublished\":\"2020-03-02T08:40:03+00:00\",\"dateModified\":\"2023-07-28T15:31:56+00:00\",\"breadcrumb\":{\"@id\":\"https:\/\/neusbonada.com\/es\/politica-de-privacidd\/#breadcrumb\"},\"inLanguage\":\"es\",\"potentialAction\":[{\"@type\":\"ReadAction\",\"target\":[\"https:\/\/neusbonada.com\/es\/politica-de-privacidd\/\"]}]},{\"@type\":\"BreadcrumbList\",\"@id\":\"https:\/\/neusbonada.com\/es\/politica-de-privacidd\/#breadcrumb\",\"itemListElement\":[{\"@type\":\"ListItem\",\"position\":1,\"name\":\"Home\",\"item\":\"https:\/\/neusbonada.com\/es\/inicio-2\/\"},{\"@type\":\"ListItem\",\"position\":2,\"name\":\"Pol\u00edtica de privacidad\"}]},{\"@type\":\"WebSite\",\"@id\":\"https:\/\/neusbonada.com\/es\/#website\",\"url\":\"https:\/\/neusbonada.com\/es\/\",\"name\":\"Neus Bonada\",\"description\":\"Joyer\u00eda Mediterr\u00e1nea\",\"publisher\":{\"@id\":\"https:\/\/neusbonada.com\/es\/#organization\"},\"potentialAction\":[{\"@type\":\"SearchAction\",\"target\":{\"@type\":\"EntryPoint\",\"urlTemplate\":\"https:\/\/neusbonada.com\/es\/?s={search_term_string}\"},\"query-input\":\"required name=search_term_string\"}],\"inLanguage\":\"es\"},{\"@type\":\"Organization\",\"@id\":\"https:\/\/neusbonada.com\/es\/#organization\",\"name\":\"Neus Bonada\",\"url\":\"https:\/\/neusbonada.com\/es\/\",\"logo\":{\"@type\":\"ImageObject\",\"inLanguage\":\"es\",\"@id\":\"https:\/\/neusbonada.com\/es\/#\/schema\/logo\/image\/\",\"url\":\"https:\/\/neusbonada.com\/wp-content\/uploads\/2020\/02\/Neus-Bonada-Handmade-Logo-1.png\",\"contentUrl\":\"https:\/\/neusbonada.com\/wp-content\/uploads\/2020\/02\/Neus-Bonada-Handmade-Logo-1.png\",\"width\":819,\"height\":314,\"caption\":\"Neus Bonada\"},\"image\":{\"@id\":\"https:\/\/neusbonada.com\/es\/#\/schema\/logo\/image\/\"},\"sameAs\":[\"https:\/\/www.facebook.com\/JoieriaBonada\",\"https:\/\/www.instagram.com\/neusbonadajoieria\"]}]}<\/script>\n<!-- \/ Yoast SEO plugin. -->","yoast_head_json":{"title":"Pol\u00edtica de privacidad - Neus Bonada","robots":{"index":"index","follow":"follow","max-snippet":"max-snippet:-1","max-image-preview":"max-image-preview:large","max-video-preview":"max-video-preview:-1"},"canonical":"https:\/\/neusbonada.com\/es\/politica-de-privacidd\/","og_locale":"es_ES","og_type":"article","og_title":"Pol\u00edtica de privacidad - Neus Bonada","og_description":"IDENTIFICACI\u00d3N www.neusbonada.com (la \u00abWeb\u00bb) es editada por Nova Joieria Radresa, sociedad an\u00f3nima (nombre comercial Neus Bonada Joieria) con los administradores : maria Neus Bonada Guerra Y Gaspar Ybarra Montes y un capital social de 250.000 Euros, inscrita en el Registro de Sociedades de Girona en la hoja GI 45156 y cuya sede social se encuentra...","og_url":"https:\/\/neusbonada.com\/es\/politica-de-privacidd\/","og_site_name":"Neus Bonada","article_publisher":"https:\/\/www.facebook.com\/JoieriaBonada","article_modified_time":"2023-07-28T15:31:56+00:00","twitter_card":"summary_large_image","twitter_misc":{"Tiempo de lectura":"6 minutos"},"schema":{"@context":"https:\/\/schema.org","@graph":[{"@type":"WebPage","@id":"https:\/\/neusbonada.com\/es\/politica-de-privacidd\/","url":"https:\/\/neusbonada.com\/es\/politica-de-privacidd\/","name":"Pol\u00edtica de privacidad - Neus Bonada","isPartOf":{"@id":"https:\/\/neusbonada.com\/es\/#website"},"datePublished":"2020-03-02T08:40:03+00:00","dateModified":"2023-07-28T15:31:56+00:00","breadcrumb":{"@id":"https:\/\/neusbonada.com\/es\/politica-de-privacidd\/#breadcrumb"},"inLanguage":"es","potentialAction":[{"@type":"ReadAction","target":["https:\/\/neusbonada.com\/es\/politica-de-privacidd\/"]}]},{"@type":"BreadcrumbList","@id":"https:\/\/neusbonada.com\/es\/politica-de-privacidd\/#breadcrumb","itemListElement":[{"@type":"ListItem","position":1,"name":"Home","item":"https:\/\/neusbonada.com\/es\/inicio-2\/"},{"@type":"ListItem","position":2,"name":"Pol\u00edtica de privacidad"}]},{"@type":"WebSite","@id":"https:\/\/neusbonada.com\/es\/#website","url":"https:\/\/neusbonada.com\/es\/","name":"Neus Bonada","description":"Joyer\u00eda Mediterr\u00e1nea","publisher":{"@id":"https:\/\/neusbonada.com\/es\/#organization"},"potentialAction":[{"@type":"SearchAction","target":{"@type":"EntryPoint","urlTemplate":"https:\/\/neusbonada.com\/es\/?s={search_term_string}"},"query-input":"required name=search_term_string"}],"inLanguage":"es"},{"@type":"Organization","@id":"https:\/\/neusbonada.com\/es\/#organization","name":"Neus Bonada","url":"https:\/\/neusbonada.com\/es\/","logo":{"@type":"ImageObject","inLanguage":"es","@id":"https:\/\/neusbonada.com\/es\/#\/schema\/logo\/image\/","url":"https:\/\/neusbonada.com\/wp-content\/uploads\/2020\/02\/Neus-Bonada-Handmade-Logo-1.png","contentUrl":"https:\/\/neusbonada.com\/wp-content\/uploads\/2020\/02\/Neus-Bonada-Handmade-Logo-1.png","width":819,"height":314,"caption":"Neus Bonada"},"image":{"@id":"https:\/\/neusbonada.com\/es\/#\/schema\/logo\/image\/"},"sameAs":["https:\/\/www.facebook.com\/JoieriaBonada","https:\/\/www.instagram.com\/neusbonadajoieria"]}]}},"_links":{"self":[{"href":"https:\/\/neusbonada.com\/es\/wp-json\/wp\/v2\/pages\/989565","targetHints":{"allow":["GET"]}}],"collection":[{"href":"https:\/\/neusbonada.com\/es\/wp-json\/wp\/v2\/pages"}],"about":[{"href":"https:\/\/neusbonada.com\/es\/wp-json\/wp\/v2\/types\/page"}],"author":[{"embeddable":true,"href":"https:\/\/neusbonada.com\/es\/wp-json\/wp\/v2\/users\/1"}],"replies":[{"embeddable":true,"href":"https:\/\/neusbonada.com\/es\/wp-json\/wp\/v2\/comments?post=989565"}],"version-history":[{"count":5,"href":"https:\/\/neusbonada.com\/es\/wp-json\/wp\/v2\/pages\/989565\/revisions"}],"predecessor-version":[{"id":1001783,"href":"https:\/\/neusbonada.com\/es\/wp-json\/wp\/v2\/pages\/989565\/revisions\/1001783"}],"wp:attachment":[{"href":"https:\/\/neusbonada.com\/es\/wp-json\/wp\/v2\/media?parent=989565"}],"curies":[{"name":"wp","href":"https:\/\/api.w.org\/{rel}","templated":true}]}}