{"id":1008723,"date":"2024-05-06T09:52:37","date_gmt":"2024-05-06T09:52:37","guid":{"rendered":"https:\/\/neusbonada.com\/product\/sortija-oro-amarillo-rubi-y-diamante\/"},"modified":"2024-05-06T09:52:37","modified_gmt":"2024-05-06T09:52:37","slug":"sortija-oro-amarillo-rubi-y-diamante","status":"publish","type":"product","link":"https:\/\/neusbonada.com\/es\/colleccions\/colecciones\/anillos\/anillos-oro\/sortija-oro-amarillo-rubi-y-diamante\/","title":{"rendered":"Sortija oro amarillo rub\u00ed y diamante"},"content":{"rendered":"<div class=\"vgblk-rw-wrapper limit-wrapper\">Oro amarillo de 18kl, rub\u00ed y diamante<\/div>\n<p><!-- .vgblk-rw-wrapper --><\/p>\n","protected":false},"excerpt":{"rendered":"<p>Sortija oro amarillo rub\u00ed y diamante Abierto y actual n\u00famero 14, adaptable a medidas diferentes<\/p>\n","protected":false},"featured_media":1008717,"comment_status":"open","ping_status":"closed","template":"","meta":[],"product_cat":[282,266,468],"product_tag":[],"class_list":["post-1008723","product","type-product","status-publish","has-post-thumbnail","hentry","product_cat-anillos","product_cat-colecciones","product_cat-anillos-oro"],"yoast_head":"<!-- This site is optimized with the Yoast SEO plugin v21.4 - https:\/\/yoast.com\/wordpress\/plugins\/seo\/ -->\n<title>Sortija oro amarillo rub\u00ed y diamante - Neus Bonada<\/title>\n<meta name=\"robots\" content=\"index, follow, max-snippet:-1, max-image-preview:large, max-video-preview:-1\" \/>\n<link rel=\"canonical\" href=\"https:\/\/neusbonada.com\/es\/colleccions\/colecciones\/anillos\/anillos-oro\/sortija-oro-amarillo-rubi-y-diamante\/\" \/>\n<meta property=\"og:locale\" content=\"es_ES\" \/>\n<meta property=\"og:type\" content=\"article\" \/>\n<meta property=\"og:title\" content=\"Sortija oro amarillo rub\u00ed y diamante - Neus Bonada\" \/>\n<meta property=\"og:description\" content=\"Sortija oro amarillo rub\u00ed y diamante Abierto y actual n\u00famero 14, adaptable a medidas diferentes\" \/>\n<meta property=\"og:url\" content=\"https:\/\/neusbonada.com\/es\/colleccions\/colecciones\/anillos\/anillos-oro\/sortija-oro-amarillo-rubi-y-diamante\/\" \/>\n<meta property=\"og:site_name\" content=\"Neus Bonada\" \/>\n<meta property=\"article:publisher\" content=\"https:\/\/www.facebook.com\/JoieriaBonada\" \/>\n<meta property=\"og:image\" content=\"https:\/\/neusbonada.com\/wp-content\/uploads\/2024\/05\/IMG_20230417_181746-scaled.jpg\" \/>\n\t<meta property=\"og:image:width\" content=\"2560\" \/>\n\t<meta property=\"og:image:height\" content=\"2291\" \/>\n\t<meta property=\"og:image:type\" content=\"image\/jpeg\" \/>\n<meta name=\"twitter:card\" content=\"summary_large_image\" \/>\n<script type=\"application\/ld+json\" class=\"yoast-schema-graph\">{\"@context\":\"https:\/\/schema.org\",\"@graph\":[{\"@type\":\"WebPage\",\"@id\":\"https:\/\/neusbonada.com\/es\/colleccions\/colecciones\/anillos\/anillos-oro\/sortija-oro-amarillo-rubi-y-diamante\/\",\"url\":\"https:\/\/neusbonada.com\/es\/colleccions\/colecciones\/anillos\/anillos-oro\/sortija-oro-amarillo-rubi-y-diamante\/\",\"name\":\"Sortija oro amarillo rub\u00ed y diamante - Neus Bonada\",\"isPartOf\":{\"@id\":\"https:\/\/neusbonada.com\/es\/#website\"},\"datePublished\":\"2024-05-06T09:52:37+00:00\",\"dateModified\":\"2024-05-06T09:52:37+00:00\",\"breadcrumb\":{\"@id\":\"https:\/\/neusbonada.com\/es\/colleccions\/colecciones\/anillos\/anillos-oro\/sortija-oro-amarillo-rubi-y-diamante\/#breadcrumb\"},\"inLanguage\":\"es\",\"potentialAction\":[{\"@type\":\"ReadAction\",\"target\":[\"https:\/\/neusbonada.com\/es\/colleccions\/colecciones\/anillos\/anillos-oro\/sortija-oro-amarillo-rubi-y-diamante\/\"]}]},{\"@type\":\"BreadcrumbList\",\"@id\":\"https:\/\/neusbonada.com\/es\/colleccions\/colecciones\/anillos\/anillos-oro\/sortija-oro-amarillo-rubi-y-diamante\/#breadcrumb\",\"itemListElement\":[{\"@type\":\"ListItem\",\"position\":1,\"name\":\"Home\",\"item\":\"https:\/\/neusbonada.com\/es\/inicio-2\/\"},{\"@type\":\"ListItem\",\"position\":2,\"name\":\"Colecciones\",\"item\":\"https:\/\/neusbonada.com\/es\/colecciones\/\"},{\"@type\":\"ListItem\",\"position\":3,\"name\":\"Sortija oro amarillo rub\u00ed y diamante\"}]},{\"@type\":\"WebSite\",\"@id\":\"https:\/\/neusbonada.com\/es\/#website\",\"url\":\"https:\/\/neusbonada.com\/es\/\",\"name\":\"Neus Bonada\",\"description\":\"Joyer\u00eda Mediterr\u00e1nea\",\"publisher\":{\"@id\":\"https:\/\/neusbonada.com\/es\/#organization\"},\"potentialAction\":[{\"@type\":\"SearchAction\",\"target\":{\"@type\":\"EntryPoint\",\"urlTemplate\":\"https:\/\/neusbonada.com\/es\/?s={search_term_string}\"},\"query-input\":\"required name=search_term_string\"}],\"inLanguage\":\"es\"},{\"@type\":\"Organization\",\"@id\":\"https:\/\/neusbonada.com\/es\/#organization\",\"name\":\"Neus Bonada\",\"url\":\"https:\/\/neusbonada.com\/es\/\",\"logo\":{\"@type\":\"ImageObject\",\"inLanguage\":\"es\",\"@id\":\"https:\/\/neusbonada.com\/es\/#\/schema\/logo\/image\/\",\"url\":\"https:\/\/neusbonada.com\/wp-content\/uploads\/2020\/02\/Neus-Bonada-Handmade-Logo-1.png\",\"contentUrl\":\"https:\/\/neusbonada.com\/wp-content\/uploads\/2020\/02\/Neus-Bonada-Handmade-Logo-1.png\",\"width\":819,\"height\":314,\"caption\":\"Neus Bonada\"},\"image\":{\"@id\":\"https:\/\/neusbonada.com\/es\/#\/schema\/logo\/image\/\"},\"sameAs\":[\"https:\/\/www.facebook.com\/JoieriaBonada\",\"https:\/\/www.instagram.com\/neusbonadajoieria\"]}]}<\/script>\n<!-- \/ Yoast SEO plugin. -->","yoast_head_json":{"title":"Sortija oro amarillo rub\u00ed y diamante - Neus Bonada","robots":{"index":"index","follow":"follow","max-snippet":"max-snippet:-1","max-image-preview":"max-image-preview:large","max-video-preview":"max-video-preview:-1"},"canonical":"https:\/\/neusbonada.com\/es\/colleccions\/colecciones\/anillos\/anillos-oro\/sortija-oro-amarillo-rubi-y-diamante\/","og_locale":"es_ES","og_type":"article","og_title":"Sortija oro amarillo rub\u00ed y diamante - Neus Bonada","og_description":"Sortija oro amarillo rub\u00ed y diamante Abierto y actual n\u00famero 14, adaptable a medidas diferentes","og_url":"https:\/\/neusbonada.com\/es\/colleccions\/colecciones\/anillos\/anillos-oro\/sortija-oro-amarillo-rubi-y-diamante\/","og_site_name":"Neus Bonada","article_publisher":"https:\/\/www.facebook.com\/JoieriaBonada","og_image":[{"width":2560,"height":2291,"url":"https:\/\/neusbonada.com\/wp-content\/uploads\/2024\/05\/IMG_20230417_181746-scaled.jpg","type":"image\/jpeg"}],"twitter_card":"summary_large_image","schema":{"@context":"https:\/\/schema.org","@graph":[{"@type":"WebPage","@id":"https:\/\/neusbonada.com\/es\/colleccions\/colecciones\/anillos\/anillos-oro\/sortija-oro-amarillo-rubi-y-diamante\/","url":"https:\/\/neusbonada.com\/es\/colleccions\/colecciones\/anillos\/anillos-oro\/sortija-oro-amarillo-rubi-y-diamante\/","name":"Sortija oro amarillo rub\u00ed y diamante - Neus Bonada","isPartOf":{"@id":"https:\/\/neusbonada.com\/es\/#website"},"datePublished":"2024-05-06T09:52:37+00:00","dateModified":"2024-05-06T09:52:37+00:00","breadcrumb":{"@id":"https:\/\/neusbonada.com\/es\/colleccions\/colecciones\/anillos\/anillos-oro\/sortija-oro-amarillo-rubi-y-diamante\/#breadcrumb"},"inLanguage":"es","potentialAction":[{"@type":"ReadAction","target":["https:\/\/neusbonada.com\/es\/colleccions\/colecciones\/anillos\/anillos-oro\/sortija-oro-amarillo-rubi-y-diamante\/"]}]},{"@type":"BreadcrumbList","@id":"https:\/\/neusbonada.com\/es\/colleccions\/colecciones\/anillos\/anillos-oro\/sortija-oro-amarillo-rubi-y-diamante\/#breadcrumb","itemListElement":[{"@type":"ListItem","position":1,"name":"Home","item":"https:\/\/neusbonada.com\/es\/inicio-2\/"},{"@type":"ListItem","position":2,"name":"Colecciones","item":"https:\/\/neusbonada.com\/es\/colecciones\/"},{"@type":"ListItem","position":3,"name":"Sortija oro amarillo rub\u00ed y diamante"}]},{"@type":"WebSite","@id":"https:\/\/neusbonada.com\/es\/#website","url":"https:\/\/neusbonada.com\/es\/","name":"Neus Bonada","description":"Joyer\u00eda Mediterr\u00e1nea","publisher":{"@id":"https:\/\/neusbonada.com\/es\/#organization"},"potentialAction":[{"@type":"SearchAction","target":{"@type":"EntryPoint","urlTemplate":"https:\/\/neusbonada.com\/es\/?s={search_term_string}"},"query-input":"required name=search_term_string"}],"inLanguage":"es"},{"@type":"Organization","@id":"https:\/\/neusbonada.com\/es\/#organization","name":"Neus Bonada","url":"https:\/\/neusbonada.com\/es\/","logo":{"@type":"ImageObject","inLanguage":"es","@id":"https:\/\/neusbonada.com\/es\/#\/schema\/logo\/image\/","url":"https:\/\/neusbonada.com\/wp-content\/uploads\/2020\/02\/Neus-Bonada-Handmade-Logo-1.png","contentUrl":"https:\/\/neusbonada.com\/wp-content\/uploads\/2020\/02\/Neus-Bonada-Handmade-Logo-1.png","width":819,"height":314,"caption":"Neus Bonada"},"image":{"@id":"https:\/\/neusbonada.com\/es\/#\/schema\/logo\/image\/"},"sameAs":["https:\/\/www.facebook.com\/JoieriaBonada","https:\/\/www.instagram.com\/neusbonadajoieria"]}]}},"_links":{"self":[{"href":"https:\/\/neusbonada.com\/es\/wp-json\/wp\/v2\/product\/1008723","targetHints":{"allow":["GET"]}}],"collection":[{"href":"https:\/\/neusbonada.com\/es\/wp-json\/wp\/v2\/product"}],"about":[{"href":"https:\/\/neusbonada.com\/es\/wp-json\/wp\/v2\/types\/product"}],"replies":[{"embeddable":true,"href":"https:\/\/neusbonada.com\/es\/wp-json\/wp\/v2\/comments?post=1008723"}],"version-history":[{"count":0,"href":"https:\/\/neusbonada.com\/es\/wp-json\/wp\/v2\/product\/1008723\/revisions"}],"wp:featuredmedia":[{"embeddable":true,"href":"https:\/\/neusbonada.com\/es\/wp-json\/wp\/v2\/media\/1008717"}],"wp:attachment":[{"href":"https:\/\/neusbonada.com\/es\/wp-json\/wp\/v2\/media?parent=1008723"}],"wp:term":[{"taxonomy":"product_cat","embeddable":true,"href":"https:\/\/neusbonada.com\/es\/wp-json\/wp\/v2\/product_cat?post=1008723"},{"taxonomy":"product_tag","embeddable":true,"href":"https:\/\/neusbonada.com\/es\/wp-json\/wp\/v2\/product_tag?post=1008723"}],"curies":[{"name":"wp","href":"https:\/\/api.w.org\/{rel}","templated":true}]}}