{"id":995302,"date":"2015-05-27T10:44:06","date_gmt":"2015-05-27T10:44:06","guid":{"rendered":"https:\/\/neusbonada.com\/?post_type=product&#038;p=995302"},"modified":"2015-05-27T10:44:06","modified_gmt":"2015-05-27T10:44:06","slug":"colgante-vintage-amatista-y-perla","status":"publish","type":"product","link":"https:\/\/neusbonada.com\/es\/colleccions\/colecciones\/collares-y-colgantes\/collar\/colgante-vintage-amatista-y-perla\/","title":{"rendered":"Colgante \u00abVintage\u00bb amatista y perla."},"content":{"rendered":"<div class=\"vgblk-rw-wrapper limit-wrapper\">Plata 925 mls chapada color bronce, amatistas, circonitas y 2 perlas.<\/div>\n<p><!-- .vgblk-rw-wrapper --><\/p>\n","protected":false},"excerpt":{"rendered":"<p>Colgante largo con amatistas y circonitas en muy buena armon\u00eda y de esta composici\u00f3n cuelga una elegante perla en forma de gota de agua. Composici\u00f3n de armon\u00eda \u00abvintage\u00bb en plata chapada color rosa. Se aguanta con cadena de plata chapada rosa de 40 cms.<\/p>\n","protected":false},"featured_media":995307,"comment_status":"open","ping_status":"closed","template":"","meta":[],"product_cat":[462,279],"product_tag":[],"class_list":["post-995302","product","type-product","status-publish","has-post-thumbnail","hentry","product_cat-collar","product_cat-collares-y-colgantes"],"yoast_head":"<!-- This site is optimized with the Yoast SEO plugin v21.4 - https:\/\/yoast.com\/wordpress\/plugins\/seo\/ -->\n<title>Colgante &quot;Vintage&quot; amatista y perla. - Neus Bonada<\/title>\n<meta name=\"robots\" content=\"index, follow, max-snippet:-1, max-image-preview:large, max-video-preview:-1\" \/>\n<link rel=\"canonical\" href=\"https:\/\/neusbonada.com\/es\/colleccions\/colecciones\/collares-y-colgantes\/collar\/colgante-vintage-amatista-y-perla\/\" \/>\n<meta property=\"og:locale\" content=\"es_ES\" \/>\n<meta property=\"og:type\" content=\"article\" \/>\n<meta property=\"og:title\" content=\"Colgante &quot;Vintage&quot; amatista y perla. - Neus Bonada\" \/>\n<meta property=\"og:description\" content=\"Colgante largo con amatistas y circonitas en muy buena armon\u00eda y de esta composici\u00f3n cuelga una elegante perla en forma de gota de agua. Composici\u00f3n de armon\u00eda &quot;vintage&quot; en plata chapada color rosa. Se aguanta con cadena de plata chapada rosa de 40 cms.\" \/>\n<meta property=\"og:url\" content=\"https:\/\/neusbonada.com\/es\/colleccions\/colecciones\/collares-y-colgantes\/collar\/colgante-vintage-amatista-y-perla\/\" \/>\n<meta property=\"og:site_name\" content=\"Neus Bonada\" \/>\n<meta property=\"article:publisher\" content=\"https:\/\/www.facebook.com\/JoieriaBonada\" \/>\n<meta property=\"og:image\" content=\"https:\/\/neusbonada.com\/wp-content\/uploads\/2015\/05\/products-p-31285-2.jpg\" \/>\n\t<meta property=\"og:image:width\" content=\"2445\" \/>\n\t<meta property=\"og:image:height\" content=\"2173\" \/>\n\t<meta property=\"og:image:type\" content=\"image\/jpeg\" \/>\n<meta name=\"twitter:card\" content=\"summary_large_image\" \/>\n<script type=\"application\/ld+json\" class=\"yoast-schema-graph\">{\"@context\":\"https:\/\/schema.org\",\"@graph\":[{\"@type\":\"WebPage\",\"@id\":\"https:\/\/neusbonada.com\/es\/colleccions\/colecciones\/collares-y-colgantes\/collar\/colgante-vintage-amatista-y-perla\/\",\"url\":\"https:\/\/neusbonada.com\/es\/colleccions\/colecciones\/collares-y-colgantes\/collar\/colgante-vintage-amatista-y-perla\/\",\"name\":\"Colgante \\\"Vintage\\\" amatista y perla. - Neus Bonada\",\"isPartOf\":{\"@id\":\"https:\/\/neusbonada.com\/es\/#website\"},\"datePublished\":\"2015-05-27T10:44:06+00:00\",\"dateModified\":\"2015-05-27T10:44:06+00:00\",\"breadcrumb\":{\"@id\":\"https:\/\/neusbonada.com\/es\/colleccions\/colecciones\/collares-y-colgantes\/collar\/colgante-vintage-amatista-y-perla\/#breadcrumb\"},\"inLanguage\":\"es\",\"potentialAction\":[{\"@type\":\"ReadAction\",\"target\":[\"https:\/\/neusbonada.com\/es\/colleccions\/colecciones\/collares-y-colgantes\/collar\/colgante-vintage-amatista-y-perla\/\"]}]},{\"@type\":\"BreadcrumbList\",\"@id\":\"https:\/\/neusbonada.com\/es\/colleccions\/colecciones\/collares-y-colgantes\/collar\/colgante-vintage-amatista-y-perla\/#breadcrumb\",\"itemListElement\":[{\"@type\":\"ListItem\",\"position\":1,\"name\":\"Home\",\"item\":\"https:\/\/neusbonada.com\/es\/inicio-2\/\"},{\"@type\":\"ListItem\",\"position\":2,\"name\":\"Colecciones\",\"item\":\"https:\/\/neusbonada.com\/es\/colecciones\/\"},{\"@type\":\"ListItem\",\"position\":3,\"name\":\"Colgante \u00abVintage\u00bb amatista y perla.\"}]},{\"@type\":\"WebSite\",\"@id\":\"https:\/\/neusbonada.com\/es\/#website\",\"url\":\"https:\/\/neusbonada.com\/es\/\",\"name\":\"Neus Bonada\",\"description\":\"Joyer\u00eda Mediterr\u00e1nea\",\"publisher\":{\"@id\":\"https:\/\/neusbonada.com\/es\/#organization\"},\"potentialAction\":[{\"@type\":\"SearchAction\",\"target\":{\"@type\":\"EntryPoint\",\"urlTemplate\":\"https:\/\/neusbonada.com\/es\/?s={search_term_string}\"},\"query-input\":\"required name=search_term_string\"}],\"inLanguage\":\"es\"},{\"@type\":\"Organization\",\"@id\":\"https:\/\/neusbonada.com\/es\/#organization\",\"name\":\"Neus Bonada\",\"url\":\"https:\/\/neusbonada.com\/es\/\",\"logo\":{\"@type\":\"ImageObject\",\"inLanguage\":\"es\",\"@id\":\"https:\/\/neusbonada.com\/es\/#\/schema\/logo\/image\/\",\"url\":\"https:\/\/neusbonada.com\/wp-content\/uploads\/2020\/02\/Neus-Bonada-Handmade-Logo-1.png\",\"contentUrl\":\"https:\/\/neusbonada.com\/wp-content\/uploads\/2020\/02\/Neus-Bonada-Handmade-Logo-1.png\",\"width\":819,\"height\":314,\"caption\":\"Neus Bonada\"},\"image\":{\"@id\":\"https:\/\/neusbonada.com\/es\/#\/schema\/logo\/image\/\"},\"sameAs\":[\"https:\/\/www.facebook.com\/JoieriaBonada\",\"https:\/\/www.instagram.com\/neusbonadajoieria\"]}]}<\/script>\n<!-- \/ Yoast SEO plugin. -->","yoast_head_json":{"title":"Colgante \"Vintage\" amatista y perla. - Neus Bonada","robots":{"index":"index","follow":"follow","max-snippet":"max-snippet:-1","max-image-preview":"max-image-preview:large","max-video-preview":"max-video-preview:-1"},"canonical":"https:\/\/neusbonada.com\/es\/colleccions\/colecciones\/collares-y-colgantes\/collar\/colgante-vintage-amatista-y-perla\/","og_locale":"es_ES","og_type":"article","og_title":"Colgante \"Vintage\" amatista y perla. - Neus Bonada","og_description":"Colgante largo con amatistas y circonitas en muy buena armon\u00eda y de esta composici\u00f3n cuelga una elegante perla en forma de gota de agua. Composici\u00f3n de armon\u00eda \"vintage\" en plata chapada color rosa. Se aguanta con cadena de plata chapada rosa de 40 cms.","og_url":"https:\/\/neusbonada.com\/es\/colleccions\/colecciones\/collares-y-colgantes\/collar\/colgante-vintage-amatista-y-perla\/","og_site_name":"Neus Bonada","article_publisher":"https:\/\/www.facebook.com\/JoieriaBonada","og_image":[{"width":2445,"height":2173,"url":"https:\/\/neusbonada.com\/wp-content\/uploads\/2015\/05\/products-p-31285-2.jpg","type":"image\/jpeg"}],"twitter_card":"summary_large_image","schema":{"@context":"https:\/\/schema.org","@graph":[{"@type":"WebPage","@id":"https:\/\/neusbonada.com\/es\/colleccions\/colecciones\/collares-y-colgantes\/collar\/colgante-vintage-amatista-y-perla\/","url":"https:\/\/neusbonada.com\/es\/colleccions\/colecciones\/collares-y-colgantes\/collar\/colgante-vintage-amatista-y-perla\/","name":"Colgante \"Vintage\" amatista y perla. - Neus Bonada","isPartOf":{"@id":"https:\/\/neusbonada.com\/es\/#website"},"datePublished":"2015-05-27T10:44:06+00:00","dateModified":"2015-05-27T10:44:06+00:00","breadcrumb":{"@id":"https:\/\/neusbonada.com\/es\/colleccions\/colecciones\/collares-y-colgantes\/collar\/colgante-vintage-amatista-y-perla\/#breadcrumb"},"inLanguage":"es","potentialAction":[{"@type":"ReadAction","target":["https:\/\/neusbonada.com\/es\/colleccions\/colecciones\/collares-y-colgantes\/collar\/colgante-vintage-amatista-y-perla\/"]}]},{"@type":"BreadcrumbList","@id":"https:\/\/neusbonada.com\/es\/colleccions\/colecciones\/collares-y-colgantes\/collar\/colgante-vintage-amatista-y-perla\/#breadcrumb","itemListElement":[{"@type":"ListItem","position":1,"name":"Home","item":"https:\/\/neusbonada.com\/es\/inicio-2\/"},{"@type":"ListItem","position":2,"name":"Colecciones","item":"https:\/\/neusbonada.com\/es\/colecciones\/"},{"@type":"ListItem","position":3,"name":"Colgante \u00abVintage\u00bb amatista y perla."}]},{"@type":"WebSite","@id":"https:\/\/neusbonada.com\/es\/#website","url":"https:\/\/neusbonada.com\/es\/","name":"Neus Bonada","description":"Joyer\u00eda Mediterr\u00e1nea","publisher":{"@id":"https:\/\/neusbonada.com\/es\/#organization"},"potentialAction":[{"@type":"SearchAction","target":{"@type":"EntryPoint","urlTemplate":"https:\/\/neusbonada.com\/es\/?s={search_term_string}"},"query-input":"required name=search_term_string"}],"inLanguage":"es"},{"@type":"Organization","@id":"https:\/\/neusbonada.com\/es\/#organization","name":"Neus Bonada","url":"https:\/\/neusbonada.com\/es\/","logo":{"@type":"ImageObject","inLanguage":"es","@id":"https:\/\/neusbonada.com\/es\/#\/schema\/logo\/image\/","url":"https:\/\/neusbonada.com\/wp-content\/uploads\/2020\/02\/Neus-Bonada-Handmade-Logo-1.png","contentUrl":"https:\/\/neusbonada.com\/wp-content\/uploads\/2020\/02\/Neus-Bonada-Handmade-Logo-1.png","width":819,"height":314,"caption":"Neus Bonada"},"image":{"@id":"https:\/\/neusbonada.com\/es\/#\/schema\/logo\/image\/"},"sameAs":["https:\/\/www.facebook.com\/JoieriaBonada","https:\/\/www.instagram.com\/neusbonadajoieria"]}]}},"_links":{"self":[{"href":"https:\/\/neusbonada.com\/es\/wp-json\/wp\/v2\/product\/995302","targetHints":{"allow":["GET"]}}],"collection":[{"href":"https:\/\/neusbonada.com\/es\/wp-json\/wp\/v2\/product"}],"about":[{"href":"https:\/\/neusbonada.com\/es\/wp-json\/wp\/v2\/types\/product"}],"replies":[{"embeddable":true,"href":"https:\/\/neusbonada.com\/es\/wp-json\/wp\/v2\/comments?post=995302"}],"version-history":[{"count":0,"href":"https:\/\/neusbonada.com\/es\/wp-json\/wp\/v2\/product\/995302\/revisions"}],"wp:featuredmedia":[{"embeddable":true,"href":"https:\/\/neusbonada.com\/es\/wp-json\/wp\/v2\/media\/995307"}],"wp:attachment":[{"href":"https:\/\/neusbonada.com\/es\/wp-json\/wp\/v2\/media?parent=995302"}],"wp:term":[{"taxonomy":"product_cat","embeddable":true,"href":"https:\/\/neusbonada.com\/es\/wp-json\/wp\/v2\/product_cat?post=995302"},{"taxonomy":"product_tag","embeddable":true,"href":"https:\/\/neusbonada.com\/es\/wp-json\/wp\/v2\/product_tag?post=995302"}],"curies":[{"name":"wp","href":"https:\/\/api.w.org\/{rel}","templated":true}]}}