{"id":997314,"date":"2017-06-16T09:26:58","date_gmt":"2017-06-16T09:26:58","guid":{"rendered":"https:\/\/neusbonada.com\/?post_type=product&#038;p=997314"},"modified":"2017-06-16T09:26:58","modified_gmt":"2017-06-16T09:26:58","slug":"colgante-opalo-undulate","status":"publish","type":"product","link":"https:\/\/neusbonada.com\/es\/colleccions\/colecciones\/collares-y-colgantes\/colgantes\/colgante-opalo-undulate\/","title":{"rendered":"Colgante \u00f2palo undulate"},"content":{"rendered":"<div class=\"vgblk-rw-wrapper limit-wrapper\">Este \u00f3palo recuerda los colores del Mediterr\u00e1neo en verano : turquesa de la playa, ocre de la arena de la playa y la tierra, azul del cielo y el mar.<\/div>\n<p><!-- .vgblk-rw-wrapper --><\/p>\n","protected":false},"excerpt":{"rendered":"<p>Colgante con \u00f3palo y oro amarillo de 18 kl acabado diamantado con diamante talla brillante. El \u00f3palo australiano tiene una forma ondulada para un mejor aprovechamiento de esta piedra preciosa tan escasa.<br \/>\nSe aguanta con cable de acero de 42 cms. de 3 hilos , 2 en color plata y 1 color dorado.Cierre de plata.<\/p>\n","protected":false},"featured_media":997315,"comment_status":"open","ping_status":"closed","template":"","meta":[],"product_cat":[279,472],"product_tag":[],"class_list":["post-997314","product","type-product","status-publish","has-post-thumbnail","hentry","product_cat-collares-y-colgantes","product_cat-colgantes"],"yoast_head":"<!-- This site is optimized with the Yoast SEO plugin v21.4 - https:\/\/yoast.com\/wordpress\/plugins\/seo\/ -->\n<title>Colgante \u00f2palo undulate - Neus Bonada<\/title>\n<meta name=\"robots\" content=\"index, follow, max-snippet:-1, max-image-preview:large, max-video-preview:-1\" \/>\n<link rel=\"canonical\" href=\"https:\/\/neusbonada.com\/es\/colleccions\/colecciones\/collares-y-colgantes\/colgantes\/colgante-opalo-undulate\/\" \/>\n<meta property=\"og:locale\" content=\"es_ES\" \/>\n<meta property=\"og:type\" content=\"article\" \/>\n<meta property=\"og:title\" content=\"Colgante \u00f2palo undulate - Neus Bonada\" \/>\n<meta property=\"og:description\" content=\"Colgante con \u00f3palo y oro amarillo de 18 kl acabado diamantado con diamante talla brillante. El \u00f3palo australiano tiene una forma ondulada para un mejor aprovechamiento de esta piedra preciosa tan escasa. Se aguanta con cable de acero de 42 cms. de 3 hilos , 2 en color plata y 1 color dorado.Cierre de plata.\" \/>\n<meta property=\"og:url\" content=\"https:\/\/neusbonada.com\/es\/colleccions\/colecciones\/collares-y-colgantes\/colgantes\/colgante-opalo-undulate\/\" \/>\n<meta property=\"og:site_name\" content=\"Neus Bonada\" \/>\n<meta property=\"article:publisher\" content=\"https:\/\/www.facebook.com\/JoieriaBonada\" \/>\n<meta property=\"og:image\" content=\"https:\/\/neusbonada.com\/wp-content\/uploads\/2017\/06\/products-d-31516-2.jpg\" \/>\n\t<meta property=\"og:image:width\" content=\"640\" \/>\n\t<meta property=\"og:image:height\" content=\"480\" \/>\n\t<meta property=\"og:image:type\" content=\"image\/jpeg\" \/>\n<meta name=\"twitter:card\" content=\"summary_large_image\" \/>\n<script type=\"application\/ld+json\" class=\"yoast-schema-graph\">{\"@context\":\"https:\/\/schema.org\",\"@graph\":[{\"@type\":\"WebPage\",\"@id\":\"https:\/\/neusbonada.com\/es\/colleccions\/colecciones\/collares-y-colgantes\/colgantes\/colgante-opalo-undulate\/\",\"url\":\"https:\/\/neusbonada.com\/es\/colleccions\/colecciones\/collares-y-colgantes\/colgantes\/colgante-opalo-undulate\/\",\"name\":\"Colgante \u00f2palo undulate - Neus Bonada\",\"isPartOf\":{\"@id\":\"https:\/\/neusbonada.com\/es\/#website\"},\"datePublished\":\"2017-06-16T09:26:58+00:00\",\"dateModified\":\"2017-06-16T09:26:58+00:00\",\"breadcrumb\":{\"@id\":\"https:\/\/neusbonada.com\/es\/colleccions\/colecciones\/collares-y-colgantes\/colgantes\/colgante-opalo-undulate\/#breadcrumb\"},\"inLanguage\":\"es\",\"potentialAction\":[{\"@type\":\"ReadAction\",\"target\":[\"https:\/\/neusbonada.com\/es\/colleccions\/colecciones\/collares-y-colgantes\/colgantes\/colgante-opalo-undulate\/\"]}]},{\"@type\":\"BreadcrumbList\",\"@id\":\"https:\/\/neusbonada.com\/es\/colleccions\/colecciones\/collares-y-colgantes\/colgantes\/colgante-opalo-undulate\/#breadcrumb\",\"itemListElement\":[{\"@type\":\"ListItem\",\"position\":1,\"name\":\"Home\",\"item\":\"https:\/\/neusbonada.com\/es\/inicio-2\/\"},{\"@type\":\"ListItem\",\"position\":2,\"name\":\"Colecciones\",\"item\":\"https:\/\/neusbonada.com\/es\/colecciones\/\"},{\"@type\":\"ListItem\",\"position\":3,\"name\":\"Colgante \u00f2palo undulate\"}]},{\"@type\":\"WebSite\",\"@id\":\"https:\/\/neusbonada.com\/es\/#website\",\"url\":\"https:\/\/neusbonada.com\/es\/\",\"name\":\"Neus Bonada\",\"description\":\"Joyer\u00eda Mediterr\u00e1nea\",\"publisher\":{\"@id\":\"https:\/\/neusbonada.com\/es\/#organization\"},\"potentialAction\":[{\"@type\":\"SearchAction\",\"target\":{\"@type\":\"EntryPoint\",\"urlTemplate\":\"https:\/\/neusbonada.com\/es\/?s={search_term_string}\"},\"query-input\":\"required name=search_term_string\"}],\"inLanguage\":\"es\"},{\"@type\":\"Organization\",\"@id\":\"https:\/\/neusbonada.com\/es\/#organization\",\"name\":\"Neus Bonada\",\"url\":\"https:\/\/neusbonada.com\/es\/\",\"logo\":{\"@type\":\"ImageObject\",\"inLanguage\":\"es\",\"@id\":\"https:\/\/neusbonada.com\/es\/#\/schema\/logo\/image\/\",\"url\":\"https:\/\/neusbonada.com\/wp-content\/uploads\/2020\/02\/Neus-Bonada-Handmade-Logo-1.png\",\"contentUrl\":\"https:\/\/neusbonada.com\/wp-content\/uploads\/2020\/02\/Neus-Bonada-Handmade-Logo-1.png\",\"width\":819,\"height\":314,\"caption\":\"Neus Bonada\"},\"image\":{\"@id\":\"https:\/\/neusbonada.com\/es\/#\/schema\/logo\/image\/\"},\"sameAs\":[\"https:\/\/www.facebook.com\/JoieriaBonada\",\"https:\/\/www.instagram.com\/neusbonadajoieria\"]}]}<\/script>\n<!-- \/ Yoast SEO plugin. -->","yoast_head_json":{"title":"Colgante \u00f2palo undulate - Neus Bonada","robots":{"index":"index","follow":"follow","max-snippet":"max-snippet:-1","max-image-preview":"max-image-preview:large","max-video-preview":"max-video-preview:-1"},"canonical":"https:\/\/neusbonada.com\/es\/colleccions\/colecciones\/collares-y-colgantes\/colgantes\/colgante-opalo-undulate\/","og_locale":"es_ES","og_type":"article","og_title":"Colgante \u00f2palo undulate - Neus Bonada","og_description":"Colgante con \u00f3palo y oro amarillo de 18 kl acabado diamantado con diamante talla brillante. El \u00f3palo australiano tiene una forma ondulada para un mejor aprovechamiento de esta piedra preciosa tan escasa. Se aguanta con cable de acero de 42 cms. de 3 hilos , 2 en color plata y 1 color dorado.Cierre de plata.","og_url":"https:\/\/neusbonada.com\/es\/colleccions\/colecciones\/collares-y-colgantes\/colgantes\/colgante-opalo-undulate\/","og_site_name":"Neus Bonada","article_publisher":"https:\/\/www.facebook.com\/JoieriaBonada","og_image":[{"width":640,"height":480,"url":"https:\/\/neusbonada.com\/wp-content\/uploads\/2017\/06\/products-d-31516-2.jpg","type":"image\/jpeg"}],"twitter_card":"summary_large_image","schema":{"@context":"https:\/\/schema.org","@graph":[{"@type":"WebPage","@id":"https:\/\/neusbonada.com\/es\/colleccions\/colecciones\/collares-y-colgantes\/colgantes\/colgante-opalo-undulate\/","url":"https:\/\/neusbonada.com\/es\/colleccions\/colecciones\/collares-y-colgantes\/colgantes\/colgante-opalo-undulate\/","name":"Colgante \u00f2palo undulate - Neus Bonada","isPartOf":{"@id":"https:\/\/neusbonada.com\/es\/#website"},"datePublished":"2017-06-16T09:26:58+00:00","dateModified":"2017-06-16T09:26:58+00:00","breadcrumb":{"@id":"https:\/\/neusbonada.com\/es\/colleccions\/colecciones\/collares-y-colgantes\/colgantes\/colgante-opalo-undulate\/#breadcrumb"},"inLanguage":"es","potentialAction":[{"@type":"ReadAction","target":["https:\/\/neusbonada.com\/es\/colleccions\/colecciones\/collares-y-colgantes\/colgantes\/colgante-opalo-undulate\/"]}]},{"@type":"BreadcrumbList","@id":"https:\/\/neusbonada.com\/es\/colleccions\/colecciones\/collares-y-colgantes\/colgantes\/colgante-opalo-undulate\/#breadcrumb","itemListElement":[{"@type":"ListItem","position":1,"name":"Home","item":"https:\/\/neusbonada.com\/es\/inicio-2\/"},{"@type":"ListItem","position":2,"name":"Colecciones","item":"https:\/\/neusbonada.com\/es\/colecciones\/"},{"@type":"ListItem","position":3,"name":"Colgante \u00f2palo undulate"}]},{"@type":"WebSite","@id":"https:\/\/neusbonada.com\/es\/#website","url":"https:\/\/neusbonada.com\/es\/","name":"Neus Bonada","description":"Joyer\u00eda Mediterr\u00e1nea","publisher":{"@id":"https:\/\/neusbonada.com\/es\/#organization"},"potentialAction":[{"@type":"SearchAction","target":{"@type":"EntryPoint","urlTemplate":"https:\/\/neusbonada.com\/es\/?s={search_term_string}"},"query-input":"required name=search_term_string"}],"inLanguage":"es"},{"@type":"Organization","@id":"https:\/\/neusbonada.com\/es\/#organization","name":"Neus Bonada","url":"https:\/\/neusbonada.com\/es\/","logo":{"@type":"ImageObject","inLanguage":"es","@id":"https:\/\/neusbonada.com\/es\/#\/schema\/logo\/image\/","url":"https:\/\/neusbonada.com\/wp-content\/uploads\/2020\/02\/Neus-Bonada-Handmade-Logo-1.png","contentUrl":"https:\/\/neusbonada.com\/wp-content\/uploads\/2020\/02\/Neus-Bonada-Handmade-Logo-1.png","width":819,"height":314,"caption":"Neus Bonada"},"image":{"@id":"https:\/\/neusbonada.com\/es\/#\/schema\/logo\/image\/"},"sameAs":["https:\/\/www.facebook.com\/JoieriaBonada","https:\/\/www.instagram.com\/neusbonadajoieria"]}]}},"_links":{"self":[{"href":"https:\/\/neusbonada.com\/es\/wp-json\/wp\/v2\/product\/997314","targetHints":{"allow":["GET"]}}],"collection":[{"href":"https:\/\/neusbonada.com\/es\/wp-json\/wp\/v2\/product"}],"about":[{"href":"https:\/\/neusbonada.com\/es\/wp-json\/wp\/v2\/types\/product"}],"replies":[{"embeddable":true,"href":"https:\/\/neusbonada.com\/es\/wp-json\/wp\/v2\/comments?post=997314"}],"version-history":[{"count":0,"href":"https:\/\/neusbonada.com\/es\/wp-json\/wp\/v2\/product\/997314\/revisions"}],"wp:featuredmedia":[{"embeddable":true,"href":"https:\/\/neusbonada.com\/es\/wp-json\/wp\/v2\/media\/997315"}],"wp:attachment":[{"href":"https:\/\/neusbonada.com\/es\/wp-json\/wp\/v2\/media?parent=997314"}],"wp:term":[{"taxonomy":"product_cat","embeddable":true,"href":"https:\/\/neusbonada.com\/es\/wp-json\/wp\/v2\/product_cat?post=997314"},{"taxonomy":"product_tag","embeddable":true,"href":"https:\/\/neusbonada.com\/es\/wp-json\/wp\/v2\/product_tag?post=997314"}],"curies":[{"name":"wp","href":"https:\/\/api.w.org\/{rel}","templated":true}]}}