{"id":999595,"date":"2021-04-24T11:13:48","date_gmt":"2021-04-24T11:13:48","guid":{"rendered":"https:\/\/neusbonada.com\/?post_type=product&#038;p=999595"},"modified":"2023-11-04T11:30:27","modified_gmt":"2023-11-04T11:30:27","slug":"broche-alexander","status":"publish","type":"product","link":"https:\/\/neusbonada.com\/es\/colleccions\/colecciones\/joyas-de-autor\/broche-alexander\/","title":{"rendered":"BROCHE ALEXANDER"},"content":{"rendered":"","protected":false},"excerpt":{"rendered":"<p>Broche en lat\u00f3n acabado dorado mate, cierre con cabuj\u00f3n de seguridad. Colecci\u00f3n Joid&#8217;art.  <\/p>\n","protected":false},"featured_media":999596,"comment_status":"open","ping_status":"closed","template":"","meta":[],"product_cat":[301,263],"product_tag":[],"class_list":["post-999595","product","type-product","status-publish","has-post-thumbnail","hentry","product_cat-broches","product_cat-joyas-de-autor"],"yoast_head":"<!-- This site is optimized with the Yoast SEO plugin v21.4 - https:\/\/yoast.com\/wordpress\/plugins\/seo\/ -->\n<title>BROCHE ALEXANDER - Neus Bonada<\/title>\n<meta name=\"robots\" content=\"index, follow, max-snippet:-1, max-image-preview:large, max-video-preview:-1\" \/>\n<link rel=\"canonical\" href=\"https:\/\/neusbonada.com\/es\/colleccions\/colecciones\/joyas-de-autor\/broche-alexander\/\" \/>\n<meta property=\"og:locale\" content=\"es_ES\" \/>\n<meta property=\"og:type\" content=\"article\" \/>\n<meta property=\"og:title\" content=\"BROCHE ALEXANDER - Neus Bonada\" \/>\n<meta property=\"og:description\" content=\"Broche en lat\u00f3n acabado dorado mate, cierre con cabuj\u00f3n de seguridad. Colecci\u00f3n Joid&#039;art.\" \/>\n<meta property=\"og:url\" content=\"https:\/\/neusbonada.com\/es\/colleccions\/colecciones\/joyas-de-autor\/broche-alexander\/\" \/>\n<meta property=\"og:site_name\" content=\"Neus Bonada\" \/>\n<meta property=\"article:publisher\" content=\"https:\/\/www.facebook.com\/JoieriaBonada\" \/>\n<meta property=\"article:modified_time\" content=\"2023-11-04T11:30:27+00:00\" \/>\n<meta property=\"og:image\" content=\"https:\/\/neusbonada.com\/wp-content\/uploads\/2021\/04\/products-d-31785-2.jpg\" \/>\n\t<meta property=\"og:image:width\" content=\"1280\" \/>\n\t<meta property=\"og:image:height\" content=\"853\" \/>\n\t<meta property=\"og:image:type\" content=\"image\/jpeg\" \/>\n<meta name=\"twitter:card\" content=\"summary_large_image\" \/>\n<script type=\"application\/ld+json\" class=\"yoast-schema-graph\">{\"@context\":\"https:\/\/schema.org\",\"@graph\":[{\"@type\":\"WebPage\",\"@id\":\"https:\/\/neusbonada.com\/es\/colleccions\/colecciones\/joyas-de-autor\/broche-alexander\/\",\"url\":\"https:\/\/neusbonada.com\/es\/colleccions\/colecciones\/joyas-de-autor\/broche-alexander\/\",\"name\":\"BROCHE ALEXANDER - Neus Bonada\",\"isPartOf\":{\"@id\":\"https:\/\/neusbonada.com\/es\/#website\"},\"datePublished\":\"2021-04-24T11:13:48+00:00\",\"dateModified\":\"2023-11-04T11:30:27+00:00\",\"breadcrumb\":{\"@id\":\"https:\/\/neusbonada.com\/es\/colleccions\/colecciones\/joyas-de-autor\/broche-alexander\/#breadcrumb\"},\"inLanguage\":\"es\",\"potentialAction\":[{\"@type\":\"ReadAction\",\"target\":[\"https:\/\/neusbonada.com\/es\/colleccions\/colecciones\/joyas-de-autor\/broche-alexander\/\"]}]},{\"@type\":\"BreadcrumbList\",\"@id\":\"https:\/\/neusbonada.com\/es\/colleccions\/colecciones\/joyas-de-autor\/broche-alexander\/#breadcrumb\",\"itemListElement\":[{\"@type\":\"ListItem\",\"position\":1,\"name\":\"Home\",\"item\":\"https:\/\/neusbonada.com\/es\/inicio-2\/\"},{\"@type\":\"ListItem\",\"position\":2,\"name\":\"Colecciones\",\"item\":\"https:\/\/neusbonada.com\/es\/colecciones\/\"},{\"@type\":\"ListItem\",\"position\":3,\"name\":\"BROCHE ALEXANDER\"}]},{\"@type\":\"WebSite\",\"@id\":\"https:\/\/neusbonada.com\/es\/#website\",\"url\":\"https:\/\/neusbonada.com\/es\/\",\"name\":\"Neus Bonada\",\"description\":\"Joyer\u00eda Mediterr\u00e1nea\",\"publisher\":{\"@id\":\"https:\/\/neusbonada.com\/es\/#organization\"},\"potentialAction\":[{\"@type\":\"SearchAction\",\"target\":{\"@type\":\"EntryPoint\",\"urlTemplate\":\"https:\/\/neusbonada.com\/es\/?s={search_term_string}\"},\"query-input\":\"required name=search_term_string\"}],\"inLanguage\":\"es\"},{\"@type\":\"Organization\",\"@id\":\"https:\/\/neusbonada.com\/es\/#organization\",\"name\":\"Neus Bonada\",\"url\":\"https:\/\/neusbonada.com\/es\/\",\"logo\":{\"@type\":\"ImageObject\",\"inLanguage\":\"es\",\"@id\":\"https:\/\/neusbonada.com\/es\/#\/schema\/logo\/image\/\",\"url\":\"https:\/\/neusbonada.com\/wp-content\/uploads\/2020\/02\/Neus-Bonada-Handmade-Logo-1.png\",\"contentUrl\":\"https:\/\/neusbonada.com\/wp-content\/uploads\/2020\/02\/Neus-Bonada-Handmade-Logo-1.png\",\"width\":819,\"height\":314,\"caption\":\"Neus Bonada\"},\"image\":{\"@id\":\"https:\/\/neusbonada.com\/es\/#\/schema\/logo\/image\/\"},\"sameAs\":[\"https:\/\/www.facebook.com\/JoieriaBonada\",\"https:\/\/www.instagram.com\/neusbonadajoieria\"]}]}<\/script>\n<!-- \/ Yoast SEO plugin. -->","yoast_head_json":{"title":"BROCHE ALEXANDER - Neus Bonada","robots":{"index":"index","follow":"follow","max-snippet":"max-snippet:-1","max-image-preview":"max-image-preview:large","max-video-preview":"max-video-preview:-1"},"canonical":"https:\/\/neusbonada.com\/es\/colleccions\/colecciones\/joyas-de-autor\/broche-alexander\/","og_locale":"es_ES","og_type":"article","og_title":"BROCHE ALEXANDER - Neus Bonada","og_description":"Broche en lat\u00f3n acabado dorado mate, cierre con cabuj\u00f3n de seguridad. Colecci\u00f3n Joid'art.","og_url":"https:\/\/neusbonada.com\/es\/colleccions\/colecciones\/joyas-de-autor\/broche-alexander\/","og_site_name":"Neus Bonada","article_publisher":"https:\/\/www.facebook.com\/JoieriaBonada","article_modified_time":"2023-11-04T11:30:27+00:00","og_image":[{"width":1280,"height":853,"url":"https:\/\/neusbonada.com\/wp-content\/uploads\/2021\/04\/products-d-31785-2.jpg","type":"image\/jpeg"}],"twitter_card":"summary_large_image","schema":{"@context":"https:\/\/schema.org","@graph":[{"@type":"WebPage","@id":"https:\/\/neusbonada.com\/es\/colleccions\/colecciones\/joyas-de-autor\/broche-alexander\/","url":"https:\/\/neusbonada.com\/es\/colleccions\/colecciones\/joyas-de-autor\/broche-alexander\/","name":"BROCHE ALEXANDER - Neus Bonada","isPartOf":{"@id":"https:\/\/neusbonada.com\/es\/#website"},"datePublished":"2021-04-24T11:13:48+00:00","dateModified":"2023-11-04T11:30:27+00:00","breadcrumb":{"@id":"https:\/\/neusbonada.com\/es\/colleccions\/colecciones\/joyas-de-autor\/broche-alexander\/#breadcrumb"},"inLanguage":"es","potentialAction":[{"@type":"ReadAction","target":["https:\/\/neusbonada.com\/es\/colleccions\/colecciones\/joyas-de-autor\/broche-alexander\/"]}]},{"@type":"BreadcrumbList","@id":"https:\/\/neusbonada.com\/es\/colleccions\/colecciones\/joyas-de-autor\/broche-alexander\/#breadcrumb","itemListElement":[{"@type":"ListItem","position":1,"name":"Home","item":"https:\/\/neusbonada.com\/es\/inicio-2\/"},{"@type":"ListItem","position":2,"name":"Colecciones","item":"https:\/\/neusbonada.com\/es\/colecciones\/"},{"@type":"ListItem","position":3,"name":"BROCHE ALEXANDER"}]},{"@type":"WebSite","@id":"https:\/\/neusbonada.com\/es\/#website","url":"https:\/\/neusbonada.com\/es\/","name":"Neus Bonada","description":"Joyer\u00eda Mediterr\u00e1nea","publisher":{"@id":"https:\/\/neusbonada.com\/es\/#organization"},"potentialAction":[{"@type":"SearchAction","target":{"@type":"EntryPoint","urlTemplate":"https:\/\/neusbonada.com\/es\/?s={search_term_string}"},"query-input":"required name=search_term_string"}],"inLanguage":"es"},{"@type":"Organization","@id":"https:\/\/neusbonada.com\/es\/#organization","name":"Neus Bonada","url":"https:\/\/neusbonada.com\/es\/","logo":{"@type":"ImageObject","inLanguage":"es","@id":"https:\/\/neusbonada.com\/es\/#\/schema\/logo\/image\/","url":"https:\/\/neusbonada.com\/wp-content\/uploads\/2020\/02\/Neus-Bonada-Handmade-Logo-1.png","contentUrl":"https:\/\/neusbonada.com\/wp-content\/uploads\/2020\/02\/Neus-Bonada-Handmade-Logo-1.png","width":819,"height":314,"caption":"Neus Bonada"},"image":{"@id":"https:\/\/neusbonada.com\/es\/#\/schema\/logo\/image\/"},"sameAs":["https:\/\/www.facebook.com\/JoieriaBonada","https:\/\/www.instagram.com\/neusbonadajoieria"]}]}},"_links":{"self":[{"href":"https:\/\/neusbonada.com\/es\/wp-json\/wp\/v2\/product\/999595","targetHints":{"allow":["GET"]}}],"collection":[{"href":"https:\/\/neusbonada.com\/es\/wp-json\/wp\/v2\/product"}],"about":[{"href":"https:\/\/neusbonada.com\/es\/wp-json\/wp\/v2\/types\/product"}],"replies":[{"embeddable":true,"href":"https:\/\/neusbonada.com\/es\/wp-json\/wp\/v2\/comments?post=999595"}],"version-history":[{"count":1,"href":"https:\/\/neusbonada.com\/es\/wp-json\/wp\/v2\/product\/999595\/revisions"}],"predecessor-version":[{"id":1007985,"href":"https:\/\/neusbonada.com\/es\/wp-json\/wp\/v2\/product\/999595\/revisions\/1007985"}],"wp:featuredmedia":[{"embeddable":true,"href":"https:\/\/neusbonada.com\/es\/wp-json\/wp\/v2\/media\/999596"}],"wp:attachment":[{"href":"https:\/\/neusbonada.com\/es\/wp-json\/wp\/v2\/media?parent=999595"}],"wp:term":[{"taxonomy":"product_cat","embeddable":true,"href":"https:\/\/neusbonada.com\/es\/wp-json\/wp\/v2\/product_cat?post=999595"},{"taxonomy":"product_tag","embeddable":true,"href":"https:\/\/neusbonada.com\/es\/wp-json\/wp\/v2\/product_tag?post=999595"}],"curies":[{"name":"wp","href":"https:\/\/api.w.org\/{rel}","templated":true}]}}